{"id":7542,"date":"2024-03-07T13:03:26","date_gmt":"2024-03-07T13:03:26","guid":{"rendered":"https:\/\/www.iwcb.ro\/en\/?page_id=7542"},"modified":"2026-02-11T19:10:22","modified_gmt":"2026-02-11T19:10:22","slug":"press-2024","status":"publish","type":"page","link":"https:\/\/www.iwcb.ro\/en\/press-2024\/","title":{"rendered":"Press 2024"},"content":{"rendered":"\n<p><strong>17.06.2024<\/strong><br>G4Food.ro: VIDEO \u2013 Ce punem pe mas\u0103? Pu\u021bin din toate (Ep. 1)<br>cite\u0219te mai mult &gt;&gt;&gt; <a href=\"https:\/\/g4food.ro\/video-ce-punem-pe-masa-putin-din-toate-ep-1-despre-vinurile-medaliate-si-meniurile-de-eveniment-scandaloase\/\">https:\/\/g4food.ro\/video-ce-punem-pe-masa-putin-din-toate-ep-1-despre-vinurile-medaliate-si-meniurile-de-eveniment-scandaloase\/<\/a><\/p>\n\n\n\n<hr class=\"wp-block-separator has-alpha-channel-opacity\"\/>\n\n\n\n<p><strong>10.06.2024<\/strong><br>Transilvania Business: VINARIUM International Wine Contest a stabilit c\u00e2\u0219tig\u0103torii din 2024<br>cite\u0219te mai mult &gt;&gt;&gt; <a href=\"https:\/\/www.transilvaniabusiness.ro\/2024\/06\/10\/singurul-concurs-international-de-vinuri-din-romania-vinarium-international-wine-contest-a-stabilit-castigatorii-din-2024\/\">https:\/\/www.transilvaniabusiness.ro\/2024\/06\/10\/singurul-concurs-international-de-vinuri-din-romania-vinarium-international-wine-contest-a-stabilit-castigatorii-din-2024\/<\/a><\/p>\n\n\n\n<hr class=\"wp-block-separator has-alpha-channel-opacity\"\/>\n\n\n\n<p><strong>03.06.2024<\/strong><br>Mediafax: VINARIUM 2024 \u2013 At a Glance<br>cite\u0219te mai mult &gt;&gt;&gt; <a href=\"http:\/\/www.comunicate.mediafax.biz\/Pages\/Public\/Comunicate.aspx?comunicatId=19603\">http:\/\/www.comunicate.mediafax.biz\/Pages\/Public\/Comunicate.aspx?comunicatId=19603<\/a><\/p>\n\n\n\n<hr class=\"wp-block-separator has-alpha-channel-opacity\"\/>\n\n\n\n<p><strong>03.06.2024<\/strong><br>Winesday.ro &amp; Winesday App: Rezultate VINARIUM International Wine Contest 2024<br>cite\u0219te mai mult &gt;&gt;&gt; <a href=\"https:\/\/winesdayapp.ro\/places\/yede0s4nyq6vaa\">https:\/\/winesdayapp.ro\/places\/yede0s4nyq6vaa<\/a><\/p>\n\n\n\n<hr class=\"wp-block-separator has-alpha-channel-opacity\"\/>\n\n\n\n<p><strong>02.06.2024<\/strong><br>G4Food.ro: 5 vinuri rom\u00e2ne\u0219ti au c\u00e2\u0219tigat mari medalii de aur la VINARIUM<br>cite\u0219te mai mult &gt;&gt;&gt; <a href=\"https:\/\/g4food.ro\/5-vinuri-romanesti-au-castigat-mari-medalii-de-aur-la-vinarium-cel-mai-important-concurs-de-profil-din-europa-de-est\/\">https:\/\/g4food.ro\/5-vinuri-romanesti-au-castigat-mari-medalii-de-aur-la-vinarium-cel-mai-important-concurs-de-profil-din-europa-de-est\/<\/a><\/p>\n\n\n\n<hr class=\"wp-block-separator has-alpha-channel-opacity\"\/>\n\n\n\n<p><strong>31.05.2024<\/strong><br>Vinul.ro: VINARIUM 2024, aerul proasp\u0103t al unei normalit\u0103\u021bi pe care am cam uitat s-o experiment\u0103m (VIDEO)<br>cite\u0219te mai mult &gt;&gt;&gt; <a href=\"https:\/\/vinul.ro\/vinarium-2024-concurs-vinuri-medaliate-cultura.html\">https:\/\/vinul.ro\/vinarium-2024-concurs-vinuri-medaliate-cultura.html<\/a><\/p>\n\n\n\n<hr class=\"wp-block-separator has-alpha-channel-opacity\"\/>\n\n\n\n<p><strong>27.05.2024<\/strong><br>Mediafax: Edi\u021bia XXI a VINARIUM International Wine Contest a avut loc la Ploie\u0219ti<br>cite\u0219te mai mult &gt;&gt;&gt; <a href=\"https:\/\/www.mediafax.ro\/comunicate\/editia-xxi-a-vinarium-international-wine-contest-a-avut-loc-in-perioada-23-26-mai-2024-la-ploiesti-22388875\">https:\/\/www.mediafax.ro\/comunicate\/editia-xxi-a-vinarium-international-wine-contest-a-avut-loc-in-perioada-23-26-mai-2024-la-ploiesti-22388875<\/a><\/p>\n\n\n\n<hr class=\"wp-block-separator has-alpha-channel-opacity\"\/>\n\n\n\n<p><strong>25.05.2024<\/strong><br>Rom\u00e2nia Liber\u0103: VINARIUM, cel mai important concurs interna\u021bional de vin din Europa Central\u0103 \u0219i de Sud-Est, se \u021bine la Ploie\u0219ti<br>cite\u0219te mai mult &gt;&gt;&gt; <a href=\"https:\/\/romanialibera.ro\/la-zi\/vinarium-cel-mai-important-concurs-international-de-vin-din-europa-centrala-si-de-sud-est-se-tine-la-ploiesti\/\">https:\/\/romanialibera.ro\/la-zi\/vinarium-cel-mai-important-concurs-international-de-vin-din-europa-centrala-si-de-sud-est-se-tine-la-ploiesti\/<\/a><\/p>\n\n\n\n<hr class=\"wp-block-separator has-alpha-channel-opacity\"\/>\n\n\n\n<p><strong>21.05.2024<\/strong><br>Winesday.ro &amp; Winesday App: Despre VINARIUM International Wine Contest \u2013 edi\u021bia XXI<br>cite\u0219te mai mult &gt;&gt;&gt; <a href=\"https:\/\/winesdayapp.ro\/places\/fdionu5epoiu1g\">https:\/\/winesdayapp.ro\/places\/fdionu5epoiu1g<\/a><\/p>\n\n\n\n<hr class=\"wp-block-separator has-alpha-channel-opacity\"\/>\n\n\n\n<p><strong>19.05.2024<\/strong><br>Winesday.ro &amp; Winesday App: Importan\u021ba vinurilor medaliate la VINARIUM<br>cite\u0219te mai mult &gt;&gt;&gt; <a href=\"https:\/\/www.winesday.ro\/importanta-vinurilor-medaliate-la-vinarium\/\">https:\/\/www.winesday.ro\/importanta-vinurilor-medaliate-la-vinarium\/<\/a><\/p>\n\n\n\n<hr class=\"wp-block-separator has-alpha-channel-opacity\"\/>\n\n\n\n<p><strong>12.05.2024<\/strong><br>Winesday.ro &amp; Winesday App: Turism cu rulote la crame \u00een Rom\u00e2nia<br>cite\u0219te mai mult &gt;&gt;&gt; <a href=\"https:\/\/www.winesday.ro\/turism-cu-rulote-la-crame-in-romania\/\">https:\/\/www.winesday.ro\/turism-cu-rulote-la-crame-in-romania\/<\/a><\/p>\n\n\n\n<hr class=\"wp-block-separator has-alpha-channel-opacity\"\/>\n\n\n\n<p><strong>10.04.2024<\/strong><br>G4Food.ro: EXCLUSIV Interviu C\u0103t\u0103lin P\u0103duraru, CEO VINARIUM<br>cite\u0219te mai mult &gt;&gt;&gt; <a href=\"https:\/\/g4food.ro\/exclusiv-interviu-catalin-paduraru-ceo-vinarium-vinurile-romanesti-sunt-performante-pe-piata-internationala-exact-cat-sunt-oricare-alte-produse-autohtone-nu-suntem-vizibili-lipsa-vocatiei-de-a-me\/\">https:\/\/g4food.ro\/exclusiv-interviu-catalin-paduraru-ceo-vinarium-vinurile-romanesti-sunt-performante-pe-piata-internationala-exact-cat-sunt-oricare-alte-produse-autohtone-nu-suntem-vizibili-lipsa-vocatiei-de-a-me\/<\/a><\/p>\n\n\n\n<hr class=\"wp-block-separator has-alpha-channel-opacity\"\/>\n\n\n\n<p><strong>09.04.2024<\/strong><br>Revista Fermierului: Interviu cu Inteligen\u021ba Artificial\u0103 (AI). Episodul 2<br>cite\u0219te mai mult &gt;&gt;&gt; <a href=\"https:\/\/www.revistafermierului.ro\/romania-viticola\/paharul-cu-visuri\/item\/6120-interviu-cu-inteligenta-artificiala-ai-episodul-2.html\">https:\/\/www.revistafermierului.ro\/romania-viticola\/paharul-cu-visuri\/item\/6120-interviu-cu-inteligenta-artificiala-ai-episodul-2.html<\/a><\/p>\n\n\n\n<hr class=\"wp-block-separator has-alpha-channel-opacity\"\/>\n\n\n\n<p><strong>09.04.2024<\/strong><br>Revista Fermierului: Interviu cu Inteligen\u021ba Artificial\u0103 (AI). Episodul 1<br>cite\u0219te mai mult &gt;&gt;&gt; <a href=\"https:\/\/www.revistafermierului.ro\/romania-viticola\/paharul-cu-visuri\/item\/6119-interviu-cu-inteligenta-artificiala-ai-episodul-1.html\">https:\/\/www.revistafermierului.ro\/romania-viticola\/paharul-cu-visuri\/item\/6119-interviu-cu-inteligenta-artificiala-ai-episodul-1.html<\/a><\/p>\n\n\n\n<hr class=\"wp-block-separator has-alpha-channel-opacity\"\/>\n\n\n\n<p><strong>05.04.2024<\/strong><br>Vinul.ro: BIO, orange\/amber, amphorae\/qvevri, alcohol free \u2013 nout\u0103\u021bi la concursul VINARIUM 2024<br>cite\u0219te mai mult &gt;&gt;&gt; <a href=\"https:\/\/vinul.ro\/bio-orange-amber-amphorae-qvevri-alcohol-free-noutati-la-concursul-vinarium-2024.html\">https:\/\/vinul.ro\/bio-orange-amber-amphorae-qvevri-alcohol-free-noutati-la-concursul-vinarium-2024.html<\/a><\/p>\n\n\n\n<hr class=\"wp-block-separator has-alpha-channel-opacity\"\/>\n\n\n\n<p><strong>19.03.2024<\/strong><br>Vinul.ro: VINARIUM \u2013 Rom\u00e2nia pe harta de interes a vinului \u00een estul Europei<br>cite\u0219te mai mult &gt;&gt;&gt; <a href=\"https:\/\/vinul.ro\/vinarium-romania-pe-harta-de-interes-a-vinului-in-estul-europei.html\">https:\/\/vinul.ro\/vinarium-romania-pe-harta-de-interes-a-vinului-in-estul-europei.html<\/a><\/p>\n\n\n\n<hr class=\"wp-block-separator has-alpha-channel-opacity\"\/>\n\n\n\n<p><strong>08.03.2024<\/strong><br>Vinul.ro: \u201eCe face \u0219i ce nu face VINARIUM pentru consumatorul de vin rom\u00e2nesc\u201d, cu C\u0103t\u0103lin P\u0103duraru, CEO<br>cite\u0219te mai mult &gt;&gt;&gt; <a href=\"https:\/\/vinul.ro\/vinarium-pentr-consumator-vin-romanesc.html\">https:\/\/vinul.ro\/vinarium-pentr-consumator-vin-romanesc.html<\/a><\/p>\n\n\n\n<hr class=\"wp-block-separator has-alpha-channel-opacity\"\/>\n\n\n\n<p><strong>08.03.2024<\/strong><br>Vinul.ro: C\u0103t\u0103lin P\u0103duraru: cum ajut\u0103 cei 30 de ani de ADAR vinul rom\u00e2nesc prin VINARIUM<br>cite\u0219te mai mult &gt;&gt;&gt; <a href=\"https:\/\/vinul.ro\/catalin-paduraru-cum-ajuta-cei-30-de-ani-de-adar-vinul-romanesc-prin-vinarium.html\">https:\/\/vinul.ro\/catalin-paduraru-cum-ajuta-cei-30-de-ani-de-adar-vinul-romanesc-prin-vinarium.html<\/a><\/p>\n\n\n\n<hr class=\"wp-block-separator has-alpha-channel-opacity\"\/>\n\n\n\n<p><strong>06.03.2024<\/strong><br>Vinul.ro: \u00censcrierile la VINARIUM edi\u021bia 21 (23\u201326 mai 2024) \u2013 o cheie de intrare pe pia\u021ba rom\u00e2neasc\u0103<br>cite\u0219te mai mult &gt;&gt;&gt; <a href=\"https:\/\/vinul.ro\/vinarium-2024-inscrieri-concurs-vinuri-medalii.html\">https:\/\/vinul.ro\/vinarium-2024-inscrieri-concurs-vinuri-medalii.html<\/a><\/p>\n","protected":false},"excerpt":{"rendered":"<p>17.06.2024G4Food.ro: VIDEO \u2013 Ce punem pe mas\u0103? Pu\u021bin din toate (Ep. 1)cite\u0219te mai mult &gt;&gt;&gt; https:\/\/g4food.ro\/video-ce-punem-pe-masa-putin-din-toate-ep-1-despre-vinurile-medaliate-si-meniurile-de-eveniment-scandaloase\/ 10.06.2024Transilvania Business: VINARIUM International Wine Contest a stabilit c\u00e2\u0219tig\u0103torii&hellip;<\/p>\n<p><a href=\"https:\/\/www.iwcb.ro\/en\/press-2024\/\" class=\"read-more-link\"><span class=\"read-more-icon\"><\/span>Read more<\/a><\/p>\n","protected":false},"author":2,"featured_media":0,"parent":0,"menu_order":0,"comment_status":"closed","ping_status":"closed","template":"","meta":{"footnotes":""},"class_list":["post-7542","page","type-page","status-publish","hentry"],"_links":{"self":[{"href":"https:\/\/www.iwcb.ro\/en\/wp-json\/wp\/v2\/pages\/7542","targetHints":{"allow":["GET"]}}],"collection":[{"href":"https:\/\/www.iwcb.ro\/en\/wp-json\/wp\/v2\/pages"}],"about":[{"href":"https:\/\/www.iwcb.ro\/en\/wp-json\/wp\/v2\/types\/page"}],"author":[{"embeddable":true,"href":"https:\/\/www.iwcb.ro\/en\/wp-json\/wp\/v2\/users\/2"}],"replies":[{"embeddable":true,"href":"https:\/\/www.iwcb.ro\/en\/wp-json\/wp\/v2\/comments?post=7542"}],"version-history":[{"count":3,"href":"https:\/\/www.iwcb.ro\/en\/wp-json\/wp\/v2\/pages\/7542\/revisions"}],"predecessor-version":[{"id":10681,"href":"https:\/\/www.iwcb.ro\/en\/wp-json\/wp\/v2\/pages\/7542\/revisions\/10681"}],"wp:attachment":[{"href":"https:\/\/www.iwcb.ro\/en\/wp-json\/wp\/v2\/media?parent=7542"}],"curies":[{"name":"wp","href":"https:\/\/api.w.org\/{rel}","templated":true}]}}