{"id":7360,"date":"2023-06-16T09:35:32","date_gmt":"2023-06-16T09:35:32","guid":{"rendered":"https:\/\/www.iwcb.ro\/en\/?page_id=7360"},"modified":"2024-03-07T13:01:52","modified_gmt":"2024-03-07T13:01:52","slug":"press-2023","status":"publish","type":"page","link":"https:\/\/www.iwcb.ro\/en\/press-2023\/","title":{"rendered":"Press 2023"},"content":{"rendered":"[vc_row][vc_column][vc_column_text]<\/p>\n\n<p>[\/vc_column_text][\/vc_column][\/vc_row][vc_row][vc_column][vc_column_text]<\/p>\n<h3><em>Winart.jp<\/em>: VINARIUM 2023 Romanian International Wine Contest Report<\/h3>\n<p>In late May, I participated as a judge at VINARIUM, an international wine competition held annually in Romania.<\/p>\n<p>06.12.2023<\/p>\n<p><a href=\"https:\/\/winart.jp\/column\/41479\" target=\"_blank\" rel=\"noopener noreferrer\">citeste mai mult&gt;&gt;&gt;<\/a><\/p>\n<h3><em>OEVE<\/em>: Rezultate VINARIUM 2023<\/h3>\n<p>Felicit\u0103ri organizatorilor, precum \u0219i tuturor produc\u0103torilor de vin din \u00eentreaga lume pentru pasiunea \u0219i munca puse \u00een slujba ob\u021binerii vinurilor de calitate, an de an.<\/p>\n<p>13.06.2023<\/p>\n<p><a href=\"https:\/\/oeve.ro\/rezultate-vinarium-2023\/\" target=\"_blank\" rel=\"noopener noreferrer\">citeste mai mult&gt;&gt;&gt;<\/a><\/p>\n<h3><em>Anne-Wies.NL<\/em>: VINARIUM International Wine Contest 2023: the results<\/h3>\n<p>The 20th edition of the VINARIUM International Wine Contest 2023 took place in Ploie\u0219ti, located in the Dealu Mare Wine Region in Romania, at the PRAHOVA PLAZA Hotel. 11 Grand Gold Medals were given to wineries from Azerbaijan, Italy, Republic of Moldova, Romania and Ukraine.\u00a0<\/p>\n<p><a href=\"https:\/\/www.anne-wies.nl\/vinarium-international-wine-contest-2023-the-results\/\" target=\"_blank\" rel=\"noopener noreferrer\">citeste mai mult&gt;&gt;&gt;<\/a><\/p>\n<h3><em>Vinul.ro<\/em>: VINARIUM 2023 la aniversarea XX: num\u0103rul de probe r\u0103m\u00e2ne autolimitat, apare evenimentul satelit \u201cenoVart\u201d, care aduce arta mai aproape de crame<\/h3>\n<p>Cum \u0219tim din proprie experien\u021b\u0103 c\u00e2t de dificil de sus\u021binut este un demers de durat\u0103 \u00een imatura pia\u021b\u0103 rom\u00e2neasc\u0103 \u2013 \u00een definitiv, sectorul privat postdecembrist are abia pu\u021bin peste dou\u0103 decenii \u00een domeniul acestui produs \u2013 am considerat c\u0103 reu\u0219ita concursului merit\u0103 urm\u0103rit\u0103, fiind de interes at\u00e2t pentru consumatori c\u00e2t \u0219i pentru comercian\u021bii \u0219i produc\u0103torii de vin, \u0219i l-am provocat pe\u00a0<a href=\"https:\/\/vinul.ro\/tag\/catalin-paduraru-2\" target=\"_blank\" rel=\"noopener noreferrer\"><strong>Pre\u0219edintele VINARIUM, C\u0103t\u0103lin P\u0103duraru<\/strong><\/a>, la o discu\u021bie.<\/p>\n<p>05.04.2023<\/p>\n<p><a href=\"https:\/\/vinul.ro\/vinarium-2023-enovart-concurs-vinuri.html\" target=\"_blank\" rel=\"noopener noreferrer\">citeste mai mult&gt;&gt;&gt;<\/a><\/p>\n<p>[\/vc_column_text][\/vc_column][\/vc_row][vc_row][vc_column][vc_column_text]<\/p>\n\n\n<p>[\/vc_column_text][\/vc_column][\/vc_row]","protected":false},"excerpt":{"rendered":"<p>[vc_row][vc_column][vc_column_text] [\/vc_column_text][\/vc_column][\/vc_row]<\/p>\n","protected":false},"author":2,"featured_media":0,"parent":0,"menu_order":0,"comment_status":"closed","ping_status":"closed","template":"","meta":{"footnotes":""},"class_list":["post-7360","page","type-page","status-publish","hentry"],"_links":{"self":[{"href":"https:\/\/www.iwcb.ro\/en\/wp-json\/wp\/v2\/pages\/7360","targetHints":{"allow":["GET"]}}],"collection":[{"href":"https:\/\/www.iwcb.ro\/en\/wp-json\/wp\/v2\/pages"}],"about":[{"href":"https:\/\/www.iwcb.ro\/en\/wp-json\/wp\/v2\/types\/page"}],"author":[{"embeddable":true,"href":"https:\/\/www.iwcb.ro\/en\/wp-json\/wp\/v2\/users\/2"}],"replies":[{"embeddable":true,"href":"https:\/\/www.iwcb.ro\/en\/wp-json\/wp\/v2\/comments?post=7360"}],"version-history":[{"count":3,"href":"https:\/\/www.iwcb.ro\/en\/wp-json\/wp\/v2\/pages\/7360\/revisions"}],"predecessor-version":[{"id":7541,"href":"https:\/\/www.iwcb.ro\/en\/wp-json\/wp\/v2\/pages\/7360\/revisions\/7541"}],"wp:attachment":[{"href":"https:\/\/www.iwcb.ro\/en\/wp-json\/wp\/v2\/media?parent=7360"}],"curies":[{"name":"wp","href":"https:\/\/api.w.org\/{rel}","templated":true}]}}