{"id":6569,"date":"2023-01-23T20:21:57","date_gmt":"2023-01-23T20:21:57","guid":{"rendered":"https:\/\/www.iwcb.ro\/en\/?page_id=6569"},"modified":"2023-01-23T20:23:23","modified_gmt":"2023-01-23T20:23:23","slug":"press-2022","status":"publish","type":"page","link":"https:\/\/www.iwcb.ro\/en\/press-2022\/","title":{"rendered":"Press 2022"},"content":{"rendered":"<p>[vc_row][vc_column][vc_column_text]<\/p>\n<h3><em>Ziarul Financiar<\/em>: VINARIUM 2022 s-a desf\u0103\u015furat la Pavilionul Expozi\u0163ional Constan\u0163a, \u00een Regiunea viticol\u0103 \u015fi istoric\u0103 Dobrogea<\/h3>\n<p>VINARIUM (Institutul Vinului) este prima entitate din lume care \u2013 prin intermediul unui concurs interna\u0163ional \u2013 \u00ee\u015fi asum\u0103 responsabilitatea implement\u0103rii acestui proces inovativ, \u00een misiunea de a cre\u015fte obiectivitatea ierarhiz\u0103rii vinurilor de calitate.<\/p>\n<p>10.06.2022<\/p>\n<p><a href=\"https:\/\/www.zf.ro\/eveniment\/vinarium-2022-s-a-desfasurat-la-pavilionul-expozitional-constanta-in-20908326\" target=\"_blank\" rel=\"noopener noreferrer\">citeste mai mult&gt;&gt;&gt;<\/a><\/p>\n<h3><em>Anne-Wies.NL<\/em>: Results of the VINARIUM International Wine Contest and special FIJEV Awards<\/h3>\n<p>The results of the 19th Edition of VINARIUM International Wine Contest have been announced. VINARIUM 2022 was held in May 2022 at the Constanta Exhibition Pavilion in the wine-growing and historical Region of Dobrogea.<\/p>\n<p><a href=\"https:\/\/www.anne-wies.nl\/results-of-the-vinarium-international-wine-contest-and-special-fijev-awards\/\" target=\"_blank\" rel=\"noopener noreferrer\">citeste mai mult&gt;&gt;&gt;<\/a><\/p>\n<h3><em>Vinul.ro<\/em>: VINARIUM a ridicat \u0219tacheta pentru premii din 2022, pentru a consolida relevan\u021ba medaliilor<\/h3>\n<p><i>\u201cM\u0103 intereseaz\u0103 s\u0103 se \u00een\u021beleag\u0103 c\u0103 noile praguri de medaliere, mai ridicate, sunt dureroase anul acesta \u2013 multe vinuri nu au ob\u021binut media pentru aceste noi praguri \u2013<span class=\"Apple-converted-space\">\u00a0\u00a0<\/span>dar sper\u0103m ca acest refresh s\u0103 ajute la p\u0103strarea num\u0103rului de medalii \u00een termeni neinfla\u021bioni\u0219ti\u201d<\/i>, a declarat PDG-ul concursului,\u00a0C\u0103t\u0103lin P\u0103duraru, pentru Vinul.ro.<\/p>\n<p>10.06.2022<\/p>\n<p><a href=\"https:\/\/vinul.ro\/vinarium-2022-medalii-relevante.html\" target=\"_blank\" rel=\"noopener noreferrer\">citeste mai mult&gt;&gt;&gt;<\/a><\/p>\n<h3><em>Vinul.ro<\/em>: C\u0103t\u0103lin P\u0103duraru, PDG VINARIUM: Produc\u0103torii de vin sunt \u201cst\u00e2lpi ai societ\u0103\u021bii\u201d \u0219i ar trebui s\u0103 devin\u0103 \u0219i \u201cvoci ale Cet\u0103\u021bii\u201d<\/h3>\n<p><a href=\"https:\/\/www.iwcb.ro\/\" target=\"_blank\" rel=\"noopener noreferrer\">VINARIUM<\/a>, cel mai mare concurs interna\u021bional de vinuri din Rom\u00e2nia \u0219i singurul afiliat OIV \u0219i VINOFED, are loc anul acesta la Constan\u021ba, pentru a pune \u00een lumin\u0103 importanta regiune istoric\u0103 \u0219i vitivinicol\u0103 Dobrogea. Zeci de evaluatori profesioni\u0219ti din \u021bara noastr\u0103 \u0219i din str\u0103in\u0103tate vor avea ocazia s\u0103 cunoasc\u0103 locurile, oamenii, gusturile, trecutul, prezentul \u0219i viitorul acestor t\u0103r\u00e2muri de legend\u0103.<\/p>\n<p>24.05.2022<\/p>\n<p><a href=\"https:\/\/vinul.ro\/catalin-paduraru-pdg-vinarium-producatorii-de-vin-sunt-stalpi-ai-societatii-si-ar-trebui-sa-devina-si-voci-ale-cetatii.html\" target=\"_blank\" rel=\"noopener noreferrer\">citeste mai mult&gt;&gt;&gt;<\/a><\/p>\n<h3><em>Vinul.ro<\/em>: \u201cUn \u0219oc interna\u021bional era previzibil\u201d, spune C\u0103t\u0103lin P\u0103duraru, PDG VINARIUM. Solu\u021biile: optimiz\u0103ri pe baz\u0103 de tehnologii avansate, schimb\u0103ri de mentalitate, solidaritate \u0219i educa\u021bie<\/h3>\n<p>\u00cen pragul edi\u021biei 2022 a concursului interna\u021bional de vinuri\u00a0<a href=\"https:\/\/www.iwcb.ro\/en\/\" target=\"_blank\" rel=\"noopener noreferrer\">VINARIUM<\/a>\u00a0\u2013 care se va desf\u0103\u0219ura \u00eentr-una dintre cele mai importante zone istorice \u0219i viticole rom\u00e2ne\u0219ti, Dobrogea (Constan\u021ba) \u2013 am reu\u0219it s\u0103 stau de vorb\u0103 prin e-mail cu\u00a0<a href=\"https:\/\/vinul.ro\/tag\/catalin-paduraru\" target=\"_blank\" rel=\"noopener noreferrer\">C\u0103t\u0103lin P\u0103duraru<\/a>, PDG-ul acestuia.<\/p>\n<p>24.05.2022<\/p>\n<p><a href=\"https:\/\/vinul.ro\/un-soc-international-era-previzibil-spune-catalin-paduraru-pdg-vinarium-solutiile-optimizari-pe-baza-de-tehnologii-avansate-schimbari-de-mentalitate-solidaritate-si-educatie.html\" target=\"_blank\" rel=\"noopener noreferrer\">citeste mai mult&gt;&gt;&gt;<\/a><\/p>\n<h3><em>Vinul.ro<\/em>: VINARIUM 2022, 26-29 mai: cu mai mult\u0103 jurizare paralel\u0103 pe baz\u0103 de neurofeedback<\/h3>\n<p>Dup\u0103 ce la edi\u021bia de anul trecut s-au f\u0103cut primele m\u0103sur\u0103tori de tip neurofeedback, anul acesta va exista un juriu paralel de acest tip, pentru a extinde cercet\u0103rile \u0219i corela\u021biile de interes pentru organizatori.<\/p>\n<p>11.02.2022<\/p>\n<p><a href=\"https:\/\/vinul.ro\/vinarium-2022-26-29-mai-neurofeedback.html\" target=\"_blank\" rel=\"noopener noreferrer\">citeste mai mult&gt;&gt;&gt;<\/a>[\/vc_column_text][\/vc_column][\/vc_row]<\/p>\n","protected":false},"excerpt":{"rendered":"<p>[vc_row][vc_column][vc_column_text] Ziarul Financiar: VINARIUM 2022 s-a desf\u0103\u015furat la Pavilionul Expozi\u0163ional Constan\u0163a, \u00een Regiunea viticol\u0103 \u015fi istoric\u0103 Dobrogea VINARIUM (Institutul Vinului) este prima entitate din lume&hellip;<\/p>\n<p><a href=\"https:\/\/www.iwcb.ro\/en\/press-2022\/\" class=\"read-more-link\"><span class=\"read-more-icon\"><\/span>Read more<\/a><\/p>\n","protected":false},"author":2,"featured_media":0,"parent":0,"menu_order":0,"comment_status":"closed","ping_status":"closed","template":"","meta":{"footnotes":""},"class_list":["post-6569","page","type-page","status-publish","hentry"],"_links":{"self":[{"href":"https:\/\/www.iwcb.ro\/en\/wp-json\/wp\/v2\/pages\/6569","targetHints":{"allow":["GET"]}}],"collection":[{"href":"https:\/\/www.iwcb.ro\/en\/wp-json\/wp\/v2\/pages"}],"about":[{"href":"https:\/\/www.iwcb.ro\/en\/wp-json\/wp\/v2\/types\/page"}],"author":[{"embeddable":true,"href":"https:\/\/www.iwcb.ro\/en\/wp-json\/wp\/v2\/users\/2"}],"replies":[{"embeddable":true,"href":"https:\/\/www.iwcb.ro\/en\/wp-json\/wp\/v2\/comments?post=6569"}],"version-history":[{"count":2,"href":"https:\/\/www.iwcb.ro\/en\/wp-json\/wp\/v2\/pages\/6569\/revisions"}],"predecessor-version":[{"id":6572,"href":"https:\/\/www.iwcb.ro\/en\/wp-json\/wp\/v2\/pages\/6569\/revisions\/6572"}],"wp:attachment":[{"href":"https:\/\/www.iwcb.ro\/en\/wp-json\/wp\/v2\/media?parent=6569"}],"curies":[{"name":"wp","href":"https:\/\/api.w.org\/{rel}","templated":true}]}}