{"id":5027,"date":"2020-05-06T15:01:29","date_gmt":"2020-05-06T15:01:29","guid":{"rendered":"https:\/\/www.iwcb.ro\/en\/?page_id=5027"},"modified":"2020-06-08T15:04:27","modified_gmt":"2020-06-08T15:04:27","slug":"press-2020","status":"publish","type":"page","link":"https:\/\/www.iwcb.ro\/en\/press\/press-2020\/","title":{"rendered":"Press 2020"},"content":{"rendered":"<p>[vc_row][vc_column][vc_column_text]<\/p>\n<h3><em>Ziare.com: <\/em>Festivalul international de vinuri VINARIUM 2020 se desfasoara online<\/h3>\n<p>Intaietatea si singularitatea constau in faptul ca cei 36 de evaluatori din 12 tari au primit si au jurizat, in acelasi timp, pe o aplicatie online romaneasca, cele aproape 1.000 de vinuri. Vinurile provin din 12 tari, iar evaluatorii nu cunosc, in momentul jurizarii, identitatea acestora.<\/p>\n<p>05.06.2020<\/p>\n<p><a href=\"https:\/\/ziare.com\/weekend\/timp-liber\/festivalul-international-de-vinuri-vinarium-2020-se-desfasoara-online-1613948\" target=\"_blank\" rel=\"noopener noreferrer\">citeste mai mult&gt;&gt;&gt;<\/a>[\/vc_column_text][vc_column_text]<\/p>\n<h3><em>Top Business News: <\/em>Rom\u00e2nia viticol\u0103 pe laptop-urile degust\u0103torilor din toate continentele<\/h3>\n<p>\u00centreaga planet\u0103 renun\u021base, am\u00e2nase sau anulase competi\u021biile interna\u021bionale din cauza acestui COVID-19, competi\u021bii \u00een care intrau desigur \u0219i concursurile de vinuri. Rom\u00e2nia \u00eenc\u0103 nu cedase ideii de a sus\u021bine totu\u0219i competi\u021bia din Bucure\u0219ti care \u00een ultimii ani ajunsese s\u0103 concureze cu cele mai mari din lume s\u0103 egaleze \u0219i chiar s\u0103 \u00eentreac\u0103 \u00een num\u0103r de probe \u0219i de jura\u021bi multe alte concursuri cu zeci de ani de experien\u021b\u0103.<\/p>\n<p>04.06.2020<\/p>\n<p><a href=\"http:\/\/www.topbusinessnews.ro\/Vinurile_Romaniei\/VINURILE_ROMANIEI_2020\/Iunie_2020\/Tele_-_VINARIUM_%E2%80%93_IWCB_%E2%80%93_2020_-_Romania_viticola_pe_laptop-urile_degustatorilor_din_toate_continentele.html?fbclid=IwAR2OjWO8kd1s7GeDuOWhVtj3URl_6GjWhWTW9Dvk9GuKu1ESgQVrPd8uSIQ#.Xt1K5_4YYIM.facebook\" target=\"_blank\" rel=\"noopener noreferrer\">citeste mai mult&gt;&gt;&gt;<\/a>[\/vc_column_text][vc_column_text]<\/p>\n<h3 class=\"single-entry-title entry-title\"><em>Business Cover: <\/em>Rom\u00e2nia \u2013 gazd\u0103 a unei premiere mondiale!<\/h3>\n<p>\u00centr-o perioad\u0103 \u00een care toate t\u00e2rgurile, expozi\u0163iile \u015fi concursurile poart\u0103 banner-ul \u201epostponed\u201d sau \u201ecanceled\u201d, Rom\u00e2nia organizeaz\u0103 primul concurs interna\u0163ional de vinuri din lume, desf\u0103\u015furat sub egida OIV &amp; VINOFED online!<\/p>\n<p>04.06.2020<\/p>\n<p><a href=\"https:\/\/www.businesscover.ro\/romania-gazda-a-unei-premiere-mondiale\/?fbclid=IwAR1e3D_ZdfD2ThBi5zwDrNVOZQ0T1eetrszc0LR65JCV1KvTjJWUMJZwYx0\" target=\"_blank\" rel=\"noopener noreferrer\">citeste mai mult&gt;&gt;&gt;<\/a>[\/vc_column_text][\/vc_column][\/vc_row]<\/p>\n\n\n<p>[vc_row][vc_column][vc_column_text]<\/p>\n<h3><em>Profit.ro: <\/em>Rom\u00e2nia organizeaz\u0103 cel mai important concurs interna\u021bional de vinuri din Europa de Sud-Est<\/h3>\n<p>Sectorul viti-vinicol din Rom\u00e2nia are nevoie de vizibilitate \u0219i de un \u201crestart\u201d \u00een epoca \u201cpost-corona\u201d, \u00eent\u00e2mpin\u00e2nd \u00een prezent dificult\u0103\u021bi date de blocajele HORECA, dar \u0219i din cauza lipsei evenimentelor profesionale \u0219i de public. Solu\u021bia rom\u00e2neasc\u0103 pune din nou lumina pe vinurile valoroase \u0219i, pe l\u00e2ng\u0103 faptul c\u0103 este o solu\u021bie unanim apreciat\u0103, devine si matrice, model pentru alte competi\u021bii cu vechime \u0219i notorietate, din \u021b\u0103ri mult mai dezvoltate dec\u00e2t Rom\u00e2nia.<\/p>\n<p>04.06.2020<\/p>\n<p><a href=\"https:\/\/www.profit.ro\/povesti-cu-profit\/retail\/romania-organizeaza-cel-mai-important-concurs-international-de-vinuri-din-europa-de-sud-est-19382352?fbclid=IwAR2tYHedcXWu_CBnvt_x-7XdZgfqSa-649RRR_fNhz_N04hv7NsRy0tLytw\" target=\"_blank\" rel=\"noopener noreferrer\">citeste mai mult&gt;&gt;&gt;<\/a>[\/vc_column_text][\/vc_column][\/vc_row]<\/p>\n\n\n<p>[vc_row][vc_column][vc_column_text]<\/p>\n<h3><em>Oenolog.ro: <\/em>\u201eWhere no one has gone before\u201d \u2013 IWCB VINARIUM 2020<\/h3>\n<p>C\u0103t\u0103lin P\u0103duraru, CEO IWCB VINARIUM, un vizionar \u00een felul s\u0103u, a reu\u015fit s\u0103 creeze \u00eentr-un timp relativ scurt, o veritabil\u0103 premier\u0103 \u015fi o performan\u0163\u0103 care ar fi trebuit mult mai mult mediatizat\u0103 \u015fi promovat\u0103. Pentru c\u0103 vinul, inevitabil, promoveaz\u0103 de la sine, \u0163ara, oamenii, cultura local\u0103, obiceiurile culinare.<\/p>\n<p>02.06.2020<\/p>\n<p><a href=\"https:\/\/oenolog.ro\/event\/where-no-one-has-gone-before-iwcb-vinarium-2020\/\" target=\"_blank\" rel=\"noopener noreferrer\">citeste mai mult&gt;&gt;&gt;<\/a>[\/vc_column_text][\/vc_column][\/vc_row]<\/p>\n\n\n<p>[vc_row][vc_column][vc_column_text]<\/p>\n<h3><em>Vin2.ro: <\/em>Concurs de vinuri online? C\u2019mon\u2026<\/h3>\n<p>De ceva ani, vorbesc cu prieteni din comunitatea #winelover, reprezentanti ai cramelor sau asociatiilor de producatori locali sa trimita probe la <strong>IWCB \u2013 VINARUM<\/strong>, cel mai mare concurs international de vinuri din centrul si estul Europei. Romania, desi cu o productie mare de vinuri in lume, este, inca, o piata foarte deschisa vinurilor de import.<\/p>\n<p>01.06.2020<\/p>\n<p><a href=\"https:\/\/vin2.ro\/concurs-de-vinuri-online-cmon\/\" target=\"_blank\" rel=\"noopener noreferrer\">citeste mai mult&gt;&gt;&gt;<\/a>[\/vc_column_text][\/vc_column][\/vc_row]<\/p>\n\n\n<p>[vc_row][vc_column][vc_column_text]<\/p>\n<h3><em>Horeca News: <\/em>A fost o dat\u0103 ca NICIODAT\u0102\u2026 VINARIUM IWC 2020 primul concurs online de vinuri!<\/h3>\n<p>A fost o dat\u0103 ca NICIODAT\u0102\u2026 c\u0103ci dac\u0103 nu ar fi nu s-ar povesti! A fost o dat\u0103 ca NICIODAT\u0102\u2026\u00a0A fost o premier\u0103 mondial\u0103 semnat\u0103 integral de o g\u00e2ndire \u0219i o organizare rom\u00e2neasc\u0103 care, NICIODAT\u0102 p\u00e2n\u0103 acum, nu s-a mai aplicat unui concurs interna\u021bional de vinuri, \u00een condi\u021biile complicate ale pandemiei care a bulversat \u00eentreaga lume.<\/p>\n<p>01.06.2020<\/p>\n<p><a href=\"https:\/\/www.horecanews.ro\/2020\/06\/01\/a-fost-o-data-ca-niciodata-vinarium-iwc-2020-primul-concurs-online-de-vinuri\/?fbclid=IwAR2-NIO4B8weomiKGECIqxkoqVH9rU2a61HywHCodNXyF2S4d0a8-4cOaIM\" target=\"_blank\" rel=\"noopener noreferrer\">citeste mai mult&gt;&gt;&gt;<\/a>[\/vc_column_text][\/vc_column][\/vc_row]<\/p>\n\n\n<p>[vc_row][vc_column][vc_column_text]<\/p>\n<h3><em>ValentinCeafalau.wine: <\/em>Vinarium 2020, primul concurs international de vinuri organizat ONLINE<\/h3>\n<p>Cu toate ca la inceput modul de degustare \u201conline\u201d poate ca i-a timorat pe jurati, dupa prima zi lucrurile s-au asezat, implicarea si dedicatia participantilor facand uitata distanta fizica dintre ei. Atat de bine s-au pliat pe acest nou mod de desfasurare a concursului, incat, chiar daca au degustat la distanta acelasi vin din recipiente diferite, toate comisiile au avut un mod coerent si unitar de punctare a vinurilor.<\/p>\n<p>01.06.2020<\/p>\n<p><a href=\"https:\/\/valentinceafalau.wine\/2020\/06\/01\/vinarium-2020-primul-concurs-international-de-vinuri-organizat-online\/?fbclid=IwAR3wDfPn7FxLWLyKVKp5Ped3iakzqAgzPB5PaWKQydLE1VH8pcUnmFmfoD0\" target=\"_blank\" rel=\"noopener noreferrer\">citeste mai mult&gt;&gt;&gt;<\/a>[\/vc_column_text][\/vc_column][\/vc_row]<\/p>\n\n\n<p>[vc_row][vc_column][vc_column_text]<\/p>\n<h3><em>FineWine: <\/em>IWCB Vinarium: primul concurs de vinuri on-line din lume<\/h3>\n<p>Ast\u0103zi a fost prima zi de concurs \u0219i totul a mers nesperat de bine. E trist, desigur, c\u0103 nu ne putem vedea \u00een via\u021ba real\u0103, la Constan\u021ba, a\u0219a cum era programat, dar e oricum o manifestare pe care at\u00e2t de mult am a\u0219teptat-o. Am scos din amor\u021beal\u0103 papilele! Plec\u0103ciuni organizatorilor care au g\u0103sit o cale de a ie\u0219i din impas: a\u0219a se scrie istorie!<\/p>\n<p>28.05.2020<\/p>\n<p><a href=\"https:\/\/finewine.md\/iwcb-vinarium-primul-concurs-de-vinuri-on-line-din-lume\" target=\"_blank\" rel=\"noopener noreferrer\">citeste mai mult&gt;&gt;&gt;<\/a><\/p>\n<figure class=\"wp-block-image size-large\"><\/figure>\n<p>[\/vc_column_text][\/vc_column][\/vc_row]<\/p>\n\n\n\n<p>[vc_row][vc_column][\/vc_column][\/vc_row]\n\n<\/p>\n","protected":false},"excerpt":{"rendered":"<p>[vc_row][vc_column][\/vc_column][\/vc_row]<\/p>\n","protected":false},"author":5,"featured_media":0,"parent":1177,"menu_order":0,"comment_status":"closed","ping_status":"closed","template":"","meta":{"footnotes":""},"class_list":["post-5027","page","type-page","status-publish","hentry"],"_links":{"self":[{"href":"https:\/\/www.iwcb.ro\/en\/wp-json\/wp\/v2\/pages\/5027","targetHints":{"allow":["GET"]}}],"collection":[{"href":"https:\/\/www.iwcb.ro\/en\/wp-json\/wp\/v2\/pages"}],"about":[{"href":"https:\/\/www.iwcb.ro\/en\/wp-json\/wp\/v2\/types\/page"}],"author":[{"embeddable":true,"href":"https:\/\/www.iwcb.ro\/en\/wp-json\/wp\/v2\/users\/5"}],"replies":[{"embeddable":true,"href":"https:\/\/www.iwcb.ro\/en\/wp-json\/wp\/v2\/comments?post=5027"}],"version-history":[{"count":4,"href":"https:\/\/www.iwcb.ro\/en\/wp-json\/wp\/v2\/pages\/5027\/revisions"}],"predecessor-version":[{"id":5270,"href":"https:\/\/www.iwcb.ro\/en\/wp-json\/wp\/v2\/pages\/5027\/revisions\/5270"}],"up":[{"embeddable":true,"href":"https:\/\/www.iwcb.ro\/en\/wp-json\/wp\/v2\/pages\/1177"}],"wp:attachment":[{"href":"https:\/\/www.iwcb.ro\/en\/wp-json\/wp\/v2\/media?parent=5027"}],"curies":[{"name":"wp","href":"https:\/\/api.w.org\/{rel}","templated":true}]}}