{"id":4990,"date":"2020-05-04T15:43:14","date_gmt":"2020-05-04T15:43:14","guid":{"rendered":"https:\/\/www.iwcb.ro\/en\/?page_id=4990"},"modified":"2020-05-06T20:53:21","modified_gmt":"2020-05-06T20:53:21","slug":"press-2019-2","status":"publish","type":"page","link":"https:\/\/www.iwcb.ro\/en\/press\/press-2019-2\/","title":{"rendered":"Press 2019"},"content":{"rendered":"<p>[vc_row][vc_column][vc_column_text]<\/p>\n<h3 class=\"single-entry-title entry-title\"><em>Vinul.ro: <\/em>IWCB, o \u201cmarc\u0103 proprie\u201d care r\u0103stoarn\u0103 ierarhii stabilite de alte concursuri de profil<\/h3>\n<p>Concursul nostru are o \u201emarc\u0103\u201d proprie, compus\u0103 din mai multe elemente distinctive. \u00cen primul r\u00e2nd, mix-ul de probe este foarte interesant. Este rezultatul unei lupte de gheril\u0103 pe care o ducem, dar \u0219i a felului \u00een care \u00eencepe s\u0103 fie privit\u0103 Rom\u00e2nia ca pia\u021b\u0103. O pia\u021b\u0103 foarte, foarte interesant\u0103 chiar dac\u0103 nu a fost \u201ecrescut\u0103\u201d pe m\u0103sura poten\u021bialului. Asta nu \u00eei sperie pe cei care sunt st\u0103p\u00e2ni pe triada produs-politic\u0103 comercial\u0103-comunicare. E un subiect larg, demn de o conferin\u021b\u0103 specializat\u0103. Sper s\u0103 am ocazia s\u0103 \u00eemi expun rezultatele ob\u021binute \u00een urma experien\u021bei de 25 de ani \u00een domeniu.<\/p>\n<p>29.06.2019<\/p>\n<p><a href=\"https:\/\/vinul.ro\/iwcb-o-marca-proprie-care-rastoarna-ierarhii-stabilite-de-alte-concursuri-de-profil.html\" target=\"_blank\" rel=\"noopener noreferrer\">citeste mai mult&gt;&gt;&gt;<\/a>[\/vc_column_text][vc_column_text]<\/p>\n<h3 class=\"single-entry-title entry-title\"><em>Vinul.ro: <\/em>Concurs \u0219i expo de vinuri \u0219i bucate dobrogene. Plus rezultatele IWCB \/ Vinarium 2019 \u2013 \u00een fapte, nu \u00een diplome<\/h3>\n<p>Datorit\u0103 faptului c\u0103 a avut loc la Bucure\u0219ti, unde \u201cfor\u021bele vinului reunite din toat\u0103 \u021bara \u0219i nu numai\u201d au avut mai mult loc de desf\u0103\u0219urare, IWCB \/ Vinarium n-a fost, nici pe departe, DOAR un concurs interna\u021bional de vinuri. Dup\u0103 cum se poate vedea \u0219i \u00een imaginile de mai jos, o \u00eentreag\u0103 comunitate interna\u021bional\u0103 a vinului s-a reunit \u00een Capital\u0103 \u0219i a participat la multe alte activit\u0103\u021bi legate de cultura \u0219i comunicarea vinului \u0219i a Rom\u00e2niei.<\/p>\n<p>27.05.2019<\/p>\n<p><a href=\"https:\/\/vinul.ro\/concurs-de-vinuri-dobrogene-rezultatele-iwcb-vinarium-2019.html\" target=\"_blank\" rel=\"noopener noreferrer\">citeste mai mult&gt;&gt;&gt;<\/a>[\/vc_column_text][vc_column_text]<\/p>\n<h3><em>Revista Fermierului: <\/em>Concursul Interna\u021bional de Vinuri Bucure\u0219ti \u2013 VINARIUM 2019, edi\u021bia XVI<\/h3>\n<p>La IWCB VINARIUM s-a etalat, pentru prima dat\u0103, necesitatea de a corecta istoria oficial\u0103 a vi\u0163ei-de-vie de pe teritoriul actual al Rom\u00e2niei. \u201eDirec\u021bia \u0219i fluxul limbilor proto-indo-europene, migra\u021bia preistoric\u0103, Cultura Cucuteni, proximitatea (inclusiv terestr\u0103) fa\u0163\u0103 de Georgia \u015fi Armenia (unanim acceptate \u00een mediul academic \u015fi profesional ca epicentrul \u201evitis vinifera\u201d), materialul paleobotanic, descoperit \u00een Moldova \u015fi datat cu C14 ca av\u00e2nd 4.500 ani B.C., sunt elemente care, odat\u0103 \u00eensumate, contureaz\u0103 concluzia c\u0103 vi\u0163a-de-vie s-a plantat aici \u00eenc\u0103 din primul palier istoric cunoscut pentru viticultur\u0103\u201d, a punctat dr. C\u0103t\u0103lin P\u0103duraru.<\/p>\n<p>23.05.2019<\/p>\n<p><a href=\"https:\/\/www.revistafermierului.ro\/din-revista\/eveniment\/item\/3980-concursul-international-de-vinuri-bucuresti-vinarium-2019-editia-xvi.html\" target=\"_blank\" rel=\"noopener noreferrer\">citeste mai mult&gt;&gt;&gt;<\/a>[\/vc_column_text][vc_column_text]<\/p>\n<h3 class=\"gdlr-page-title\"><em>HRB Trends: <\/em>Circa 1.000 de vinuri vor fi jurizate la cea de-a XVI-a edi\u021bie IWCB Vinarium<\/h3>\n<p>\u00cen topul primilor 20 de influenceri \/ comunicatori ai Lumii Vinului se afl\u0103 \u015fi Luiz Alberto, prezent la Bucure\u015fti \u00een postura de evaluator IWCB VINARIUM. Fondatorul comunit\u0103\u0163ii Winelover (peste 25.000 de membri \u00een toat\u0103 lumea) se va \u00eent\u00e2lni cu membrii simpatizan\u0163i din Rom\u00e2nia \u00eentr-un eveniment comun #Winelover \u2013 IWCB VINARIUM, la GASTROLAB-Wine &amp; Food Experience, Pia\u0163a Victoriei. Dr. Jean-Pierre Peynaud, autorul studiului \u201eMecanismele psihologice ale degust\u0103rii\u201d \u015fi-a manifestat dorin\u0163a de a fi parte a juriului IWCB VINARIUM. Organizatorii sunt onora\u0163i de prezen\u0163a cercet\u0103torului, fiul celebrului \u00c9mile Peynaud, personalitate marcant\u0103 a cercet\u0103rii vitivinicole, autorul c\u0103r\u0163ii \u201eDecouvrir la gout du vin\u201d.<\/p>\n<p>21.05.2019<\/p>\n<p><a href=\"https:\/\/www.trendshrb.ro\/stiri\/circa-1-000-de-vinuri-vor-fi-jurizate-la-cea-de-a-xvi-a-editie-iwcb-vinarium\/\" target=\"_blank\" rel=\"noopener noreferrer\">citeste mai mult&gt;&gt;&gt;<\/a>[\/vc_column_text][vc_column_text]<\/p>\n<h3 class=\"gdlr-page-title\"><em>HRB Trends: <\/em>Vinarium:\u00a0Importatorii (||)<\/h3>\n<p>Importatorii de vin sunt o grupare profesional\u0103 relativ nou\u0103. Produc\u0103torii de vin autohtoni, publicul, chiar \u0219i horeca, \u00eenc\u0103 \u00eei privesc cu reticen\u0163\u0103, de\u0219i toate datele arat\u0103 c\u0103 au ajutat pia\u0163a \u0219i c\u0103 au adus satisfac\u0163ia \u00een consum. Primii importatori de vin au fost primi\u021bi cu ostilitate chiar de c\u0103tre consumatorii rom\u00e2ni. Dac\u0103 la b\u0103uturile tari sau la sucurile de import nimeni nu a avut vreo reac\u021bie negativ\u0103, dac\u0103 vermouturile, \u021big\u0103rile str\u0103ine \u201enu ne f\u0103ceau r\u0103u\u201c, ei bine, vinurile de import p\u0103reau s\u0103 dezlocuiasc\u0103 vinul \u201enostru\u201c.<\/p>\n<p>26.05.2019<\/p>\n<p><a href=\"https:\/\/www.trendshrb.ro\/bartrender\/vinarium-importatorii\/\" target=\"_blank\" rel=\"noopener noreferrer\">citeste mai mult&gt;&gt;&gt;<\/a>[\/vc_column_text][vc_column_text]<\/p>\n<h3 class=\"gdlr-page-title\"><em>HRB Trends: <\/em>Vinarium:\u00a0Importatorii (I)<\/h3>\n<p>Sun\u0103 ca un titlu de film de pe Netflix. Cu toate acestea, o nou\u0103 categorie a comer\u0163ului s-a format \u00een ultimii dou\u0103zeci de ani; un grup mai discret, dar care aduce diversitate \u00een pia\u0163\u0103 \u0219i \u2026 o modeleaz\u0103. Lans\u0103m un nou ciclu de articole, unul care s\u0103 v\u0103 fac\u0103 cuno\u0219tin\u021b\u0103 cu cei care import\u0103 vinuri. Articolele se bazeaz\u0103 pe un set unic de \u00eentreb\u0103ri la care importatorii r\u0103spund. Este intersant s\u0103-i cunoa\u0219tem, s\u0103 le cunoa\u0219tem resorturile responsabile de activitatea lor \u0219i, \u00een acela\u0219i timp, este important ca dumneavoasrtr\u0103, horecarii, s\u0103 v\u0103 \u201evede\u021bi\u201d prin ochii lor.<\/p>\n<p>26.04.2019<\/p>\n<p><a href=\"https:\/\/www.trendshrb.ro\/bartrender\/vinarium-importatorii-2\/\" target=\"_blank\" rel=\"noopener noreferrer\">citeste mai mult&gt;&gt;&gt;<\/a><\/p>\n<p>[\/vc_column_text][\/vc_column][\/vc_row]<\/p>\n\n\n\n<p>[vc_row][vc_column][\/vc_column][\/vc_row][vc_row][vc_column][\/vc_column][\/vc_row][vc_row][vc_column][\/vc_column][\/vc_row][vc_row][vc_column][\/vc_column][\/vc_row][vc_row][vc_column][\/vc_column][\/vc_row]\n\n<\/p>\n","protected":false},"excerpt":{"rendered":"<p>[vc_row][vc_column][\/vc_column][\/vc_row][vc_row][vc_column][\/vc_column][\/vc_row][vc_row][vc_column][\/vc_column][\/vc_row][vc_row][vc_column][\/vc_column][\/vc_row][vc_row][vc_column][\/vc_column][\/vc_row]<\/p>\n","protected":false},"author":5,"featured_media":0,"parent":1177,"menu_order":0,"comment_status":"closed","ping_status":"closed","template":"","meta":{"footnotes":""},"class_list":["post-4990","page","type-page","status-publish","hentry"],"_links":{"self":[{"href":"https:\/\/www.iwcb.ro\/en\/wp-json\/wp\/v2\/pages\/4990","targetHints":{"allow":["GET"]}}],"collection":[{"href":"https:\/\/www.iwcb.ro\/en\/wp-json\/wp\/v2\/pages"}],"about":[{"href":"https:\/\/www.iwcb.ro\/en\/wp-json\/wp\/v2\/types\/page"}],"author":[{"embeddable":true,"href":"https:\/\/www.iwcb.ro\/en\/wp-json\/wp\/v2\/users\/5"}],"replies":[{"embeddable":true,"href":"https:\/\/www.iwcb.ro\/en\/wp-json\/wp\/v2\/comments?post=4990"}],"version-history":[{"count":2,"href":"https:\/\/www.iwcb.ro\/en\/wp-json\/wp\/v2\/pages\/4990\/revisions"}],"predecessor-version":[{"id":5032,"href":"https:\/\/www.iwcb.ro\/en\/wp-json\/wp\/v2\/pages\/4990\/revisions\/5032"}],"up":[{"embeddable":true,"href":"https:\/\/www.iwcb.ro\/en\/wp-json\/wp\/v2\/pages\/1177"}],"wp:attachment":[{"href":"https:\/\/www.iwcb.ro\/en\/wp-json\/wp\/v2\/media?parent=4990"}],"curies":[{"name":"wp","href":"https:\/\/api.w.org\/{rel}","templated":true}]}}