{"id":3037,"date":"2018-10-04T10:48:40","date_gmt":"2018-10-04T10:48:40","guid":{"rendered":"https:\/\/www.iwcb.ro\/en\/?page_id=3037"},"modified":"2018-10-04T10:59:13","modified_gmt":"2018-10-04T10:59:13","slug":"press-2017","status":"publish","type":"page","link":"https:\/\/www.iwcb.ro\/en\/press\/press-2017\/","title":{"rendered":"Press 2017"},"content":{"rendered":"<p>[vc_row][vc_column][vc_column_text]<\/p>\n<h3 class=\"single-entry-title entry-title\"><em>Vinul.ro: <\/em>C\u0103t\u0103lin P\u0103duraru: ,,IWCB 2017 a fost un tur de for\u021b\u0103\u201d<\/h3>\n<p>IWCB 2017 s-a \u00eencheiat, comentariile continu\u0103. Le l\u0103s\u0103m deoparte pe cele ale detractorilor, mereu prezen\u0163i, mereu vocali, \u015fi \u00eencerc\u0103m s\u0103 facem o analiz\u0103 la cald a ceea ce pare s\u0103 devin\u0103 cel mai important concurs de vinuri (\u015fi distilate) din Estul Europei. \u015ei cine s\u0103 ne vorbeasc\u0103 mai bine despre competi\u0163ie, despre plusuri \u015fi minusuri, dac\u0103 nu C\u0103t\u0103lin P\u0103duraru, CEO \u015fi, mai mult, su etul acestui proiect mai mult dec\u00e2t ambi\u0163ios, dac\u0103 e s\u0103 ne raport\u0103m la realit\u0103\u0163ile \u0163\u0103rii \u00een care se desf\u0103\u015foar\u0103.<\/p>\n<p>05.07.2017<\/p>\n<p><a href=\"https:\/\/vinul.ro\/catalin-paduraru-iwcb-2017-a-fost-un-tur-de-forta.html\" target=\"_blank\" rel=\"noopener\">citeste mai mult&gt;&gt;&gt;<\/a>[\/vc_column_text][vc_column_text]<\/p>\n<h3><em>Foto-Horeca<\/em>: Vinul este cultur\u0103: C\u0103t\u0103lin P\u0103duraru, CEO International Wine Contest Bucharest<\/h3>\n<div class=\"cs-blog-content\">\n<p>Domeniul enologic interna\u021bional \u00ee\u0219i concentreaz\u0103 aten\u021bia, la sf\u00e2r\u0219itul lunii mai, asupra Bucure\u0219tiului, care devine, pentru patru zile (25 \u2013 28 mai), capitala vinului din aceast\u0103 parte a globului. Speciali\u0219ti interna\u021bionali \u0219i rom\u00e2ni \u0219i-au dat \u00eent\u00e2lnire pentru un concurs de calibru: International Wine Contest Bucharest (IWCB), competi\u021bie care mai mult ca sigur atrage aten\u0163ia asupra Rom\u00e2niei, cu efecte de imagine, dar \u015fi economice.<\/p>\n<p>18.05.2017<\/p>\n<p><a href=\"http:\/\/fotohoreca.ro\/vinul-este-cultura-catalin-paduraru-ceo-international-wine-contest-bucharest\/\" target=\"_blank\" rel=\"noopener\">citeste mai mult&gt;&gt;&gt;<\/a><\/p>\n<\/div>\n<p>[\/vc_column_text][vc_column_text]<\/p>\n<h3 class=\"entry-title\"><em>Lecturi si Arome: <\/em>De vorba cu C\u0103t\u0103lin P\u0103duraru, CEO al IWCB \u2013 cel mai important concurs de vinuri din Europa de Est<\/h3>\n<p>Cum poate schimba un concurs interna\u021bional de vinuri soarta unei \u021b\u0103ri? S\u0103 ne raport\u0103m la gastronomie, la cultur\u0103, la turism \u0219i la \u2026 vin<\/p>\n<p>10.05.2017<\/p>\n<p><a href=\"https:\/\/lecturisiarome.ro\/2017\/05\/de-vorba-cu-catalin-paduraru-ceo-iwcb\/\" target=\"_blank\" rel=\"noopener\">citeste mai mult&gt;&gt;&gt;<\/a>[\/vc_column_text][vc_column_text]<\/p>\n<h3><em>Life.ro<\/em>: \u00cen culisele \u201eInternational Wine Contest Bucharest\u201d, cu C\u0103t\u0103lin P\u0103duraru<\/h3>\n<p>Concursul Interna\u0163ional de Vinuri Bucure\u015fti (IWCB), cel mai important concurs interna\u0163ional de vinuri din Europa de Est, va avea loc \u00eentre 25 \u015fi 28 mai 2017, \u00een Capital\u0103. Unul dintre partenerii importan\u0163i ai IWCB este Global Wine &amp; Spirits (GWS), prima platform\u0103 online, B2B, care aduce \u00eempreun\u0103 companii produc\u0103toare de vin, b\u0103uturi spirtoase \u015fi bere, din \u00eentreaga lume cu achizitori profesioni\u015fti.<\/p>\n<p>09.05.2017<\/p>\n<p><a href=\"https:\/\/life.ro\/in-culisele-international-wine-contest-bucharest-cu-catalin-paduraru\/\" target=\"_blank\" rel=\"noopener\">citeste mai mult&gt;&gt;&gt;<\/a>[\/vc_column_text][vc_column_text]<\/p>\n<h3 class=\"entry-title\"><em>Millesime: <\/em>International Wine Contest Bucharest se preg\u0103te\u0219te de edi\u021bia 2017<\/h3>\n<p>Ca o prim\u0103 noutate, \u00een 2017, fiecare comisie de jurizare va fi format\u0103 din 7 jura\u0163i, nu din 5 ca \u00een majoritatea concursurilor, iar din cei 7, 4 vor fi speciali\u015fti str\u0103ini.<\/p>\n<p>\u00cenregistrarea probelor se va face, pentru al doilea an consecutiv, f\u0103r\u0103 tax\u0103 pentru produc\u0103torii de vinuri<strong>, <\/strong>iar degust\u0103torii evaluatori rom\u00e2ni vor fi desemna\u021bi cu autoritate de c\u0103tre Asocia\u0163ia Degust\u0103torilor Autoriza\u0163i din Rom\u00e2nia (<strong>ADAR<\/strong>), astfel se asigur\u0103 securizarea probelor \u015fi parcurgerea corect\u0103 a tuturor procedurilor impuse de regulament.<\/p>\n<p>14.03.2017<\/p>\n<p><a href=\"http:\/\/millesime.ro\/international-wine-contest-bucharest-pregateste-editia-2017\/\" target=\"_blank\" rel=\"noopener\">citeste mai mult&gt;&gt;&gt;<\/a>[\/vc_column_text][vc_column_text]<\/p>\n<h3 class=\"title\"><em>Ziarul Financiar: <\/em>C\u0103t\u0103lin P\u0103duraru, CEO al IWCB: Rom\u00e2nia vitivinicol\u0103 arat\u0103 foarte bine, mai bine dec\u00e2t alte aspecte ale \u0163\u0103rii<\/h3>\n<p>Domeniul viticol din Rom\u00e2nia este \u00eenc\u0103 mult \u00een urma altor state cu tra\u00addi\u0163ie \u00een domeniu, dar ultimii ani au adus schimb\u0103ri majore, odat\u0103 cu in\u00ad\u00ad\u00advesti\u0163iile derulate de noi antre\u00adpre\u00adnori \u00een crame \u015fi planta\u0163ii de vi\u0163\u0103, un rol important \u00een promo\u00adva\u00adrea sectorului, pe plan intern, dar \u015fi extern, av\u00e2ndu-l \u015fi concursurile or\u00adga\u00adnizate.<\/p>\n<p>14.04.2017<\/p>\n<p><a href=\"https:\/\/www.zf.ro\/companii\/retail-agrobusiness\/video-zf-live-catalin-paduraru-ceo-al-iwcb-romania-vitivinicola-arata-foarte-bine-mai-bine-decat-alte-aspecte-ale-tarii-16232474\" target=\"_blank\" rel=\"noopener\">citeste mai mult&gt;&gt;&gt;<\/a>[\/vc_column_text][vc_column_text]<\/p>\n<h3 class=\"single-entry-title entry-title\"><em>Vinul.ro: <\/em>IWCB 2017 la ARCUB, cu peste 1.200 de vinuri la un Open destinat publicului \u0219i un festival<\/h3>\n<p>\u00cen 25-28 mai au loc juriz\u0103rile la <a href=\"https:\/\/arcub.ro\" target=\"_blank\" rel=\"noopener\"><strong>ARCUB<\/strong><\/a>\u00a0din Centrul Vechi, \u00een 2 iunie se anun\u021b\u0103 public rezultatele, \u00een 6 iunie are loc Gala Premiilor IWCB \u2013 la Palatul Bragadiru. Comisiile vor fi compuse din c\u00e2te 7 jura\u021bi, ceea ce va face ca media ob\u021binut\u0103 de fiecare vin s\u0103 fie mai relevant\u0103. Va exista o categorie special\u0103, dedicat\u0103 vinurilor \u201ceco\u201d. Participarea produc\u0103torilor cu probe \u00een concurs este \u0219i anul acesta gratuit\u0103, iar publicul bucure\u0219tean va avea ocazia s\u0103 deguste, \u00een 27 mai, mai mult de 1.200 de vinuri \u00eenscrise \u00een concurs <em>(\u0219i deja jurizate de c\u0103tre comisiile de evaluare)<\/em> \u2013 \u00een ceea ce se va numi <strong>Openul Interna\u021bional de Vinuri de la Bucure\u0219ti.<\/strong><\/p>\n<p>30.03.2017<\/p>\n<p><a href=\"https:\/\/vinul.ro\/iwcb-2017-la-gabroveni-cu-peste-1-200-de-vinuri-la-un-open-destinat-publicului-si-un-festival.html\" target=\"_blank\" rel=\"noopener\">citeste mai mult&gt;&gt;&gt;<\/a>[\/vc_column_text][vc_column_text]<\/p>\n<h3 class=\"single-entry-title entry-title\"><em>Vinul.ro: <\/em>C\u0103t\u0103lin P\u0103duraru: \u201eVinul nu se vinde singur. E o sum\u0103 de ac\u021biuni obligatorii ce trebuie parcurse\u201d<\/h3>\n<p>Cum se v\u0103d medaliile la raft, c\u00e2t conteaz\u0103 ele \u00een cump\u0103rarea unui vin? \u00cencep distinc\u0163iile ob\u0163inute de vinuri la diferite concursuri s\u0103 func\u0163ioneze ca bune argumente pentru listarea \u00een restaurante? Dincolo de punctaje \u015fi premii, \u00een\u0163eleg produc\u0103torii rom\u00e2ni c\u0103, p\u00e2n\u0103 la urm\u0103, concursurile sunt \u015fi ocazii de a le fi evaluate obiectiv vinurile? Despre importan\u0163a concursurilor de vin, \u00een general, \u015fi despre edi\u0163ia de anul acesta a <a href=\"https:\/\/vinul.ro\/vinurile-medaliate-la-premiile-de-excelenta-vinul-ro-2016-2-mari-medalii-de-aur-22-de-aur-si-40-de-argint.html\">Premiilor de Excelen\u0163\u0103 Vinul.Ro<\/a>, \u00een special, am stat de vorb\u0103 cu C\u0103t\u0103lin P\u0103duraru, \u00een calitate, iat\u0103, \u015fi de jurat al acestei edi\u0163ii \u015fi organizator al celui mai important concurs interna\u0163ional de la noi, <a href=\"http:\/\/www.iwcb.ro\/\">IWCB<\/a>.<\/p>\n<p>30.01.2017<\/p>\n<p><a href=\"https:\/\/vinul.ro\/catalin-paduraru-vinul-nu-se-vinde-singur-e-o-suma-de-actiuni-obligatorii-ce-trebuie-parcurse.html\" target=\"_blank\" rel=\"noopener\">citeste mai mult&gt;&gt;&gt;<\/a>[\/vc_column_text][\/vc_column][\/vc_row]<\/p>\n","protected":false},"excerpt":{"rendered":"<p>[vc_row][vc_column][vc_column_text] Vinul.ro: C\u0103t\u0103lin P\u0103duraru: ,,IWCB 2017 a fost un tur de for\u021b\u0103\u201d IWCB 2017 s-a \u00eencheiat, comentariile continu\u0103. Le l\u0103s\u0103m deoparte pe cele ale detractorilor,&hellip;<\/p>\n<p><a href=\"https:\/\/www.iwcb.ro\/en\/press\/press-2017\/\" class=\"read-more-link\"><span class=\"read-more-icon\"><\/span>Read more<\/a><\/p>\n","protected":false},"author":5,"featured_media":0,"parent":2174,"menu_order":0,"comment_status":"closed","ping_status":"closed","template":"","meta":{"footnotes":""},"class_list":["post-3037","page","type-page","status-publish","hentry"],"_links":{"self":[{"href":"https:\/\/www.iwcb.ro\/en\/wp-json\/wp\/v2\/pages\/3037","targetHints":{"allow":["GET"]}}],"collection":[{"href":"https:\/\/www.iwcb.ro\/en\/wp-json\/wp\/v2\/pages"}],"about":[{"href":"https:\/\/www.iwcb.ro\/en\/wp-json\/wp\/v2\/types\/page"}],"author":[{"embeddable":true,"href":"https:\/\/www.iwcb.ro\/en\/wp-json\/wp\/v2\/users\/5"}],"replies":[{"embeddable":true,"href":"https:\/\/www.iwcb.ro\/en\/wp-json\/wp\/v2\/comments?post=3037"}],"version-history":[{"count":2,"href":"https:\/\/www.iwcb.ro\/en\/wp-json\/wp\/v2\/pages\/3037\/revisions"}],"predecessor-version":[{"id":3044,"href":"https:\/\/www.iwcb.ro\/en\/wp-json\/wp\/v2\/pages\/3037\/revisions\/3044"}],"up":[{"embeddable":true,"href":"https:\/\/www.iwcb.ro\/en\/wp-json\/wp\/v2\/pages\/2174"}],"wp:attachment":[{"href":"https:\/\/www.iwcb.ro\/en\/wp-json\/wp\/v2\/media?parent=3037"}],"curies":[{"name":"wp","href":"https:\/\/api.w.org\/{rel}","templated":true}]}}