{"id":2188,"date":"2017-06-13T15:31:31","date_gmt":"2017-06-13T15:31:31","guid":{"rendered":"http:\/\/www.iwcb.ro\/en\/?page_id=2188"},"modified":"2018-10-04T10:55:41","modified_gmt":"2018-10-04T10:55:41","slug":"press-2016","status":"publish","type":"page","link":"https:\/\/www.iwcb.ro\/en\/press\/press-2016\/","title":{"rendered":"Press 2016"},"content":{"rendered":"<p>[vc_row][vc_column][vc_column_text]<\/p>\n<h3 class=\"single-entry-title entry-title\"><em>Vinul.ro: <\/em>Medaliile IWCB sunt folosite ca argument de v\u00e2nzare de c\u0103tre marii retaileri din Rom\u00e2nia<\/h3>\n<p>O interesant\u0103 efervescen\u021b\u0103 se manifest\u0103 din ce \u00een ce mai vizibil pe pia\u021ba vinului din Rom\u00e2nia, ceea ce ne d\u0103 speran\u021ba c\u0103 asist\u0103m la debutul unui trend: marii retaileri au \u00eenceput s\u0103 utilizeze \u00een argumenta\u021bia de v\u00e2nz\u0103ri argumentul calit\u0103\u021bii.<\/p>\n<p>08.11.2016<\/p>\n<p><a href=\"https:\/\/vinul.ro\/medaliile-iwcb-sunt-folosite-ca-argument-de-vanzare-de-catre-marii-retaileri-din-romania.html\" target=\"_blank\" rel=\"noopener\">citeste mai mult&gt;&gt;&gt;<\/a>[\/vc_column_text][vc_column_text]<\/p>\n<h3 class=\"single-entry-title entry-title\"><em>Vinul.ro: <\/em>Tragem ni\u0219te concluzii? IWCB &amp; Premiile de Excelen\u021b\u0103 Vinul.Ro vs CE de Fotbal? Glumim<\/h3>\n<p>Am primit, de cur\u00e2nd, confirmarea c\u0103 IWCB a fost acceptat \u00een <a href=\"http:\/\/www.vinofed.com\/en\/\" target=\"_blank\" rel=\"noopener\"><strong>Federa\u021bia Marilor Concursuri Interna\u021bionale (VINOFED)<\/strong><\/a>. Suntem \u00een aceea\u0219i lig\u0103 cu Berliner Wine Trophy. Este o decizie istoric\u0103 pentru Rom\u00e2nia. Noi aducem un folos rom\u00e2nilor.<\/p>\n<p>29.06.2016<\/p>\n<p><a href=\"https:\/\/vinul.ro\/tragem-niste-concluzii-iwcb-premiile-de-excelenta-vinul-ro-vs-ce-de-fotbal-glumim.html\" target=\"_blank\" rel=\"noopener\">citeste mai mult &gt;&gt;&gt;<\/a>[\/vc_column_text][vc_column_text]<\/p>\n<h3 class=\" \"><em>Europafm<\/em>: Vinurile din Rom\u00e2nia, Moldova \u0219i Italia au luat cele mai multe medalii la IWCB 2016<\/h3>\n<p><strong>Vinurile din Rom\u00e2nia, Moldova \u0219i Italia se plaseaz\u0103 \u00een fruntea clasamentului. Rom\u00e2nia <\/strong>\u0219i<strong> Moldova <\/strong>au ob\u021binut singurele dou\u0103<strong> Mari Medalii de Aur <\/strong>acordate \u00een acest an de juriul interna\u021bional.<\/p>\n<p>11.06.2016<\/p>\n<p><a href=\"https:\/\/www.europafm.ro\/vinurile-din-romania-moldova-si-italia-au-luat-cele-mai-multe-medalii-la-iwcb-2016\/\" target=\"_blank\" rel=\"noopener\">citeste mai mult&gt;&gt;&gt;<\/a>[\/vc_column_text][vc_column_text]<\/p>\n<h3 class=\"title\"><em>Ziarul Financiar: <\/em>C\u0103t\u0103lin P\u0103duraru, critic de vin: Pia\u0163a rom\u00e2neasc\u0103 arat\u0103 extraordinar, este singura din zon\u0103 care este deschis\u0103 vinurilor din toat\u0103 lumea<\/h3>\n<p>Timp de patru zile, la Foc\u015fani a avut loc Concursul Interna\u0163ional de Vinuri Bucure\u015fti (IWCB) \u00een care \u015fapte comisii formate din c\u00e2te cinci oameni au degustat peste 1.500 de vinuri \u00eenscrise la concurs, din mai multe col\u0163uri ale lumii, pentru a le desemna pe cele mai bune.<\/p>\n<p>07.06.2016<\/p>\n<p><a href=\"https:\/\/www.zf.ro\/companii\/retail-agrobusiness\/zf-live-catalin-paduraru-critic-de-vin-piata-romaneasca-arata-extraordinar-este-singura-din-zona-care-este-deschisa-vinurilor-din-toata-lumea-15434023\" target=\"_blank\" rel=\"noopener\">citeste mai mult&gt;&gt;&gt;<\/a>[\/vc_column_text][vc_column_text]<\/p>\n<h3><em>Europafm<\/em>: International Wine Contest Bucharest 2016 \u00een cifre<\/h3>\n<p>\u00cen perioada 26-29 mai, la Foc\u015fani, \u00een Vrancea, s-a desf\u0103\u015furat a 13-a edi\u0163ie a celui mai mare concurs interna\u0163ional de vinuri din Europa de Est \u2013 <strong>International Wine Contest Bucharest 2016.<\/strong><\/p>\n<p>30.05.2016<\/p>\n<p><a href=\"https:\/\/www.europafm.ro\/international-wine-contest-bucharest-2016-in-cifre\/\" target=\"_blank\" rel=\"noopener\">citeste mai mult&gt;&gt;&gt;<\/a>[\/vc_column_text][vc_column_text]<\/p>\n<h3><em>Vinul.ro<\/em>: Despre \u201cDezordinea vinului rom\u00e2nesc\u201d, \u00een prima edi\u021bie pe 2016 a revistei tip\u0103rite Vinul.Ro<\/h3>\n<p>Prima edi\u021bie din 2016 a revistei tip\u0103rite Vinul.Ro, care va ap\u0103rea la sf\u00e2r\u0219itul lunii ianuarie, va oferi cititorilor un prim episod dintr-o dezbatere mai ampl\u0103 referitoare la situa\u021bia actual\u0103 de pe pia\u021ba vinului rom\u00e2nesc (un subiect care va fi abordat \u0219i \u00een cadrul <a title=\"Forumul Vinul.ro\" href=\"http:\/\/vinul.ro\/forumul-vinul-ro-2016-la-good-wine-de-primavara-premii-pentru-bloggeri-masterclass-de-vinuri-romanesti-si-dezbateri.html\" target=\"_blank\" rel=\"noopener\">Forumului Vinul.Ro<\/a> care va avea loc la <a title=\"Good Wine\" href=\"http:\/\/www.goodwine.ro\/\" target=\"_blank\" rel=\"noopener\">Good Wine<\/a>, \u00eentre 15-17 aprilie 2016).<\/p>\n<p>17.01.2016<\/p>\n<p><a title=\"Despre \u201cDezordinea vinului rom\u00e2nesc\u201d, \u00een prima edi\u021bie pe 2016 a revistei tip\u0103rite Vinul.Ro\" href=\"http:\/\/vinul.ro\/despre-dezordinea-vinului-romanesc-in-prima-editie-pe-2016-a-revistei-tiparite-vinul-ro.html\" target=\"_blank\" rel=\"noopener\">citeste mai mult&gt;&gt;&gt;<\/a>[\/vc_column_text][\/vc_column][\/vc_row][vc_row][vc_column][\/vc_column][\/vc_row]<\/p>\n","protected":false},"excerpt":{"rendered":"<p>[vc_row][vc_column][vc_column_text] Vinul.ro: Medaliile IWCB sunt folosite ca argument de v\u00e2nzare de c\u0103tre marii retaileri din Rom\u00e2nia O interesant\u0103 efervescen\u021b\u0103 se manifest\u0103 din ce \u00een ce&hellip;<\/p>\n<p><a href=\"https:\/\/www.iwcb.ro\/en\/press\/press-2016\/\" class=\"read-more-link\"><span class=\"read-more-icon\"><\/span>Read more<\/a><\/p>\n","protected":false},"author":1,"featured_media":0,"parent":2174,"menu_order":0,"comment_status":"closed","ping_status":"closed","template":"","meta":{"footnotes":""},"class_list":["post-2188","page","type-page","status-publish","hentry"],"_links":{"self":[{"href":"https:\/\/www.iwcb.ro\/en\/wp-json\/wp\/v2\/pages\/2188","targetHints":{"allow":["GET"]}}],"collection":[{"href":"https:\/\/www.iwcb.ro\/en\/wp-json\/wp\/v2\/pages"}],"about":[{"href":"https:\/\/www.iwcb.ro\/en\/wp-json\/wp\/v2\/types\/page"}],"author":[{"embeddable":true,"href":"https:\/\/www.iwcb.ro\/en\/wp-json\/wp\/v2\/users\/1"}],"replies":[{"embeddable":true,"href":"https:\/\/www.iwcb.ro\/en\/wp-json\/wp\/v2\/comments?post=2188"}],"version-history":[{"count":2,"href":"https:\/\/www.iwcb.ro\/en\/wp-json\/wp\/v2\/pages\/2188\/revisions"}],"predecessor-version":[{"id":3043,"href":"https:\/\/www.iwcb.ro\/en\/wp-json\/wp\/v2\/pages\/2188\/revisions\/3043"}],"up":[{"embeddable":true,"href":"https:\/\/www.iwcb.ro\/en\/wp-json\/wp\/v2\/pages\/2174"}],"wp:attachment":[{"href":"https:\/\/www.iwcb.ro\/en\/wp-json\/wp\/v2\/media?parent=2188"}],"curies":[{"name":"wp","href":"https:\/\/api.w.org\/{rel}","templated":true}]}}