{"id":2184,"date":"2017-06-13T15:30:41","date_gmt":"2017-06-13T15:30:41","guid":{"rendered":"http:\/\/www.iwcb.ro\/en\/?page_id=2184"},"modified":"2017-06-13T15:30:41","modified_gmt":"2017-06-13T15:30:41","slug":"press-2014","status":"publish","type":"page","link":"https:\/\/www.iwcb.ro\/en\/press\/press-2014\/","title":{"rendered":"Press 2014"},"content":{"rendered":"<p>[vc_row][vc_column][vc_column_text]<\/p>\n<h2>IWCB Campaign<\/h2>\n<p>[\/vc_column_text][\/vc_column][\/vc_row][vc_row][vc_column][vc_gallery type=&#8221;image_grid&#8221; images=&#8221;1208,1209,1210,1211,1212,1213,1214,1215,1216,1217,1218&#8243; columns=&#8221;3&#8243; ratio=&#8221;16:9&#8243;][vc_empty_space][\/vc_column][\/vc_row][vc_row][\/vc_row][vc_column][\/vc_column][vc_column_text]<\/p>\n<div class=\"Content\">\n<h3>Cosmintudoran.ro: IWCB 2014<\/h3>\n<p>Pentru mine a fost al treilea concurs de vinuri la care am participat, al doilea \u00een calitate de jurat. E peste ce m-a\u0219 fi a\u0219teptat, \u0219i, cu sus\u021binerea organizatorilor (c\u0103rora le r\u0103m\u00e2n \u00eendatorat), experien\u021ba de a fi pus la acela\u0219i loc \u0219i \u00een aceea\u0219i func\u021bie cu jura\u021bii \/ degust\u0103tori profesioni\u0219ti, este mai mult dec\u00e2t onorant\u0103.<\/p>\n<p>4 iunie 2014<\/p>\n<p><a href=\"http:\/\/www.cosmintudoran.ro\/2014\/06\/04\/iwcb-2014\/\" target=\"_blank\" rel=\"noopener\">citeste mai mult&gt;&gt;&gt;<\/a><\/p>\n<h3>Vinul.ro: Laureatii IWCB 2014<\/h3>\n<p>Marti, 3 iunie, la Biblioteca Nationala a Romaniei, a avut loc Gala IWCB 2014, in cadrul careia s-au dezvaluit castigatorii concursului si s-au acordat medaliile. Misiunea juriului, format din specialisti internationali din domeniul vinului, nu a fost deloc usoara, probele care au intrat in concurs fiind nu mai putine de 712, din 19 tari<\/p>\n<p>4 iunie 2014<\/p>\n<p><a href=\"http:\/\/vinul.ro\/laureatii-iwcb-2014.html\" target=\"_blank\" rel=\"noopener\">citeste mai mult&gt;&gt;&gt;<\/a><\/p>\n<h3>REPERE IWCB 2014<\/h3>\n<p>Avem placerea de a va pune la dispozitie cateva date elocvente privind rezultatele International Wine Contest Bucharest 2014, concurs desfasurat sub egida OIV, in perioada 22-25 mai 2014, la Biblioteca Nationala a Romaniei. Numarul de probe: 723 probe inscrise initial, din care au intrat in concurs 712 datorita unor intarzieri de expediere.<\/p>\n<p>2 iunie 2014<\/p>\n<p><a href=\"http:\/\/www.iwcb.ro\/repere-iwcb-2014\" target=\"_blank\" rel=\"noopener\">citeste mai mult&gt;&gt;&gt;<\/a><\/p>\n<h3>Az-ua.com: \u041c\u043e\u043b\u0434\u0430\u0432\u0441\u043a\u0438\u0435 \u0432\u0438\u043d\u0430 \u0437\u0430\u0432\u043e\u0435\u0432\u0430\u043b\u0438 \u0437\u043e\u043b\u043e\u0442\u044b\u0435 \u0438 \u0441\u0435\u0440\u0435\u0431\u0440\u044f\u043d\u043d\u044b\u0435 \u043c\u0435\u0434\u0430\u043b\u0438 \u043d\u0430 \u043c\u0435\u0436\u0434\u0443\u043d\u0430\u0440\u043e\u0434\u043d\u043e\u043c \u043a\u043e\u043d\u043a\u0443\u0440\u0441\u0435 \u0432 \u0411\u0443\u0445\u0430\u0440\u0435\u0441\u0442\u0435<\/h3>\n<p>\u041d\u0430\u0446\u0438\u043e\u043d\u0430\u043b\u044c\u043d\u043e\u0435 \u0431\u044e\u0440\u043e \u0432\u0438\u043d\u043e\u0433\u0440\u0430\u0434\u0430 \u0438 \u0432\u0438\u043d\u0430 \u041c\u043e\u043b\u0434\u043e\u0432\u044b \u043e\u0440\u0433\u0430\u043d\u0438\u0437\u043e\u0432\u0430\u043b\u043e \u0443\u0447\u0430\u0441\u0442\u0438\u0435 25 \u0432\u0438\u043d\u043e\u0434\u0435\u043b\u044c\u0447\u0435\u0441\u043a\u0438\u0445 \u043f\u0440\u0435\u0434\u043f\u0440\u0438\u044f\u0442\u0438\u0439 \u0432 \u043f\u0440\u0435\u0441\u0442\u0438\u0436\u043d\u043e\u043c \u043c\u0435\u0436\u0434\u0443\u043d\u0430\u0440\u043e\u0434\u043d\u043e\u043c \u0441\u043f\u0435\u0446\u0438\u0430\u043b\u0438\u0437\u0438\u0440\u043e\u0432\u0430\u043d\u043d\u043e\u043c \u043a\u043e\u043d\u043a\u0443\u0440\u0441\u0435 International Wine Contest Bucharest 2014, \u043f\u0440\u043e\u0445\u043e\u0434\u0438\u0432\u0448\u0435\u043c \u0432 \u0411\u0443\u0445\u0430\u0440\u0435\u0441\u0442\u0435 22-25 \u043c\u0430\u044f 2014 \u0433\u043e\u0434\u0430.<\/p>\n<p>2 iunie 2014<\/p>\n<p><a href=\"http:\/\/az-ua.com\/news\/moldovan-wines\/28709.html\" target=\"_blank\" rel=\"noopener\">citeste mai mult&gt;&gt;&gt;<\/a><\/p>\n<h3>Realitatea.md: Vinurile din Moldova, apreciate \u00een lume: 9 medalii de aur \u015fi 28 de argint la &#8220;International Wine Contest Bucharest 2014&#8221;<\/h3>\n<p>Participarea la acest concurs a fost organizat\u0103 de &#8220;Oficiul Na\u0163ional al Viei \u015fi Vinului&#8221; din Moldova. \u00cen total, au participat 19 \u0163\u0103ri. Companiile vinicole din Republica Moldova au participat cu 108 probe \u015fi au ob\u0163inut 9 medalii de aur \u015fi 28 medalii de argint, din totalul de 225 de medalii \u00eenm\u00e2nate.<\/p>\n<p>2 iunie 2014<\/p>\n<p><a href=\"http:\/\/www.realitatea.md\/vinurile-din-moldova--apreciate-in-lume--9-medalii-de-aur-si-28-de-argint-la-international-wine-contest-bucharest-2014_4293.html\" target=\"_blank\" rel=\"noopener\">citeste mai mult&gt;&gt;&gt;<\/a><\/p>\n<h3>Publika.md: Vinurile moldovene\u015fti &#8211; vedetele &#8220;International Wine Contest Bucharest 2014&#8221;<\/h3>\n<p>9 medalii de aur \u015fi 28 de argint au ob\u0163inut vinificatorii moldoveni la prestigiosul concurs specializat &#8220;International Wine Contest Bucharest 2014&#8221; ce a avut loc \u00eentre 22 \u015fi 25 mai la Bucure\u015fti. Potrivit unui comunicat al &#8220;Oficiului Na\u0163ional al viei \u015fi vinului&#8221;, alte 56 de vinuri au reu\u015fit s\u0103 ia punctajul necesar<\/p>\n<p>2 iunie 2014<\/p>\n<p><a href=\"http:\/\/www.publika.md\/vinurile-moldovenesti---vedetele-international-wine-contest-bucharest-2014_1953551.html\" target=\"_blank\" rel=\"noopener\">citeste mai mult&gt;&gt;&gt;<\/a><\/p>\n<h3>Ziare.com: Cel mai bun vin a fost desemnat la Bucuresti. Tu cum sarbatoresti?<\/h3>\n<p>Cauti un vin bun pentru o ocazie speciala? Criticul de vin Catalin Paduraru si echipa sa de la International Wine Contest Bucuresti 2014 tocmai au desemnat cele mai bune vinuri. &#8220;Vinurile romanesti sunt din ce in ce mai bune&#8221;, declara expertul, inca de la inceputul concursului, pentru Business24.<\/p>\n<p>31 mai 2014<\/p>\n<p><a href=\"http:\/\/www.ziare.com\/life-style\/stiri-life-style\/cel-mai-bun-vin-a-fost-desemnat-la-bucuresti-tu-cu-ce-sarbatoresti-1302004\" target=\"_blank\" rel=\"noopener\">citeste mai mult&gt;&gt;&gt;<\/a><\/p>\n<h3>Business24.ro: Cel mai bun vin a fost desemnat la Bucuresti. Tu cu ce sarbatoresti?<\/h3>\n<p>Criticul de vin Catalin Paduraru si echipa sa de la International Wine Contest Bucuresti 2014 tocmai au desemnat cele mai bune vinuri. &#8220;Vinurile romanesti sunt din ce in ce mai bune&#8221;, declara expertul, inca de la inceputul concursului, pentru Business24.<\/p>\n<p>31 mai 2014<\/p>\n<p><a href=\"http:\/\/www.business24.ro\/culinar\/specialitati\/cel-mai-bun-vin-a-fost-desemnat-la-bucuresti-tu-cu-ce-sarbatoresti-1545606\" target=\"_blank\" rel=\"noopener\">citeste mai mult&gt;&gt;&gt;<\/a><\/p>\n<h3>Winetaste.it: Lo Stato Della Viticoltura Di Romania Raccontata Dal Prof. Dan Boboc<\/h3>\n<p>Il Professore dell\u2019Universit\u00e0 di Bucarest, Dan Boboc ci spiega la situazione attuale della vitivinicoltura in Romania, con le possibilit\u00e0 concrete di importazione. Il Concorso International Wine Contest di Bucarest \u00e8 un valido strumento di penetrazione in quei mercati dell\u2019est.<\/p>\n<p>29 mai 2014<\/p>\n<p><a href=\"http:\/\/www.winetaste.it\/lo-stato-della-viticoltura-di-romania-raccontata-dal-prof-dan-boboc\/\" target=\"_blank\" rel=\"noopener\">citeste mai mult&gt;&gt;&gt;<\/a><\/p>\n<h3>Actmedia.eu: MADR&#8217;s Gaman: IWCB 2014 proves EU funds were properly steered<\/h3>\n<p>IWCB 2014, the Bucharest international wine competition, is an opportunity for Romania to prove that European funds for its vine growing and wine making have been properly steered in the interest of the sector, Secretary General with Agriculture and Rural Development Ministry (MADR) Virgil Laurentiu Gaman said Thursday. &#8216;This is an opportunity for Romania to prove that &#8230;<\/p>\n<p>27 mai 2014<\/p>\n<p><a href=\"http:\/\/actmedia.eu\/economic\/madr-s-gaman-iwcb-2014-proves-eu-funds-were-properly-steered\/52339\" target=\"_blank\" rel=\"noopener\">citeste mai mult&gt;&gt;&gt;<\/a><\/p>\n<h3>Lucruribune.blogspot.ro: Impresii de la IWCB<\/h3>\n<p>Am fost si la IWCB. E primul concurs sub obladuirea OIV la care particip. Formal e mai riguros, daca comparam cu Premiile Vinul.ro, de exemplu. Apoi, la acesta din urma, cheia zilei era data juratilor imediat dupa incheierea zilei. La IWCB, din pricini care tin de regulamentul OIV, cel putin asa am inteles, nu s-a intamplat astfel. Sigur, probele (peste 700!) au fost desecretizate la un moment dat, dupa plecarea mea, asa ca nu va pot da niste nume si niste punctaje, dar sunt sigur ca ceilalti bloggeri din panelul paralel vor publica informatiile asteptate.<\/p>\n<p>26 mai 2014<\/p>\n<p><a href=\"http:\/\/lucruribune.blogspot.ro\/2014\/05\/impresii-de-la-iwcb-2014.html\" target=\"_blank\" rel=\"noopener\">citeste mai mult&gt;&gt;&gt;<\/a><\/p>\n<h3>Agroinfo.ro: Peste 700 de vinuri au fost \u00eenscrise \u00een concursul IWCB 2014<\/h3>\n<p>In acest an, num\u0103rul total de probe \u00eenscrise \u00een concursul International Wine Contest Bucharest 2014 este de 719, \u00een cre\u015ftere cu 33% fa\u0163\u0103 de anul trecut. Potrivit lui C\u0103t\u0103lin P\u0103duraru, ceo IWCB 2014, 45% din totalul probelor sunt str\u0103inee \u00eentruc\u00e2t19 \u0163\u0103ri au \u00eenscris probe \u00een concurs iar anul acesta au sosit, \u00een premier\u0103, probe din China.<\/p>\n<p>23 mai 2014<\/p>\n<p><a href=\"http:\/\/www.agroinfo.ro\/evenimente\/peste-700-de-vinuri-au-fost-inscrise-in-concursul-iwcb-2014\" target=\"_blank\" rel=\"noopener\">citeste mai mult&gt;&gt;&gt;<\/a><\/p>\n<h3>Business24.ro: Invata de la experti cum trebuie pastrat vinul<\/h3>\n<p>Daca esti un admirator al vinurilor fine si ti-ai amenajat propria vinoteca sau pur si simplu ai un loc al tau, in bar, bucatarie sau in camera de hobby, unde vrei sa pastrezi cele mai bune si mai pretioase sticle, trebuie sa stii cateva lucruri de baza despre depozitarea vinului.<\/p>\n<p>24 mai 2014<\/p>\n<p><a href=\"http:\/\/www.business24.ro\/culinar\/vinoteci\/invata-de-la-experti-cum-trebuie-pastrat-vinul-1545464\" target=\"_blank\" rel=\"noopener\">citeste mai mult&gt;&gt;&gt;<\/a><\/p>\n<h3>Gazetadeagricultura.info: Concursul International de Vinuri Bucuresti 2014 &#8211; IWCB 2014<\/h3>\n<p>Consumul de vin de pe palierul &#8216;mediu&#8217; si &#8216;plus&#8217; este foarte apropiat de consumul din orice piata matura. Restrangerea suprafetelor cu hibrid, disparitia obiceiului de vinificare empirica, controlul legii in ceea ce priveste falsul, insusirea cunostintelor despre vinul de calitate, cresterea influentei IWCB, va face ca tiparul de consum sa se modifice si catre baza, chiar achizitorii de vin devenind cei care filtreaza din ce in ce mai bine in selectie, vinurile de valoare, spre a le oferi in piata.<\/p>\n<p>24 mai 2014<\/p>\n<p><a href=\"http:\/\/www.gazetadeagricultura.info\/targuri-expozitii\/16101-concursul-international-de-vinuri-bucuresti-2014-iwcb-2014.html\" target=\"_blank\" rel=\"noopener\">citeste mai mult&gt;&gt;&gt;<\/a><\/p>\n<h3>Agerpres.ro: Num\u0103rul probelor \u00eenscrise \u00een concursul IWCB 2014 a ajuns la 719, \u00een cre\u0219tere cu 33%<\/h3>\n<p>Potrivit acestuia, 19 \u021b\u0103ri au \u00eenscris probe \u00een concurs iar anul acesta au sosit, \u00een premier\u0103, probe din China. C\u0103t\u0103lin P\u0103duraru sus\u021bine c\u0103 jurizarea se realizeaz\u0103 cu 4 comisii a c\u00e2te 5 jura\u021bi (3 str\u0103ini \u0219i 2 rom\u00e2ni). Num\u0103rul jura\u021bilor este 21, din care 12 str\u0103ini, iar 4 dintre jura\u021bii str\u0103ini sunt pentru a doua oar\u0103 consecutiv \u00een Rom\u00e2nia la IWCB. Jura\u021bii str\u0103ini au o experien\u021b\u0103 consistent\u0103 \u00een actul juriz\u0103rii, fiind prezen\u021bi \u00een diferite concursuri interna\u021bionale.<\/p>\n<p>22 mai 2014<\/p>\n<p><a href=\"http:\/\/www.agerpres.ro\/economie\/2014\/05\/22\/numarul-probelor-inscrise-in-concursul-iwcb-2014-a-ajuns-la-719-in-crestere-cu-33--15-13-22\" target=\"_blank\" rel=\"noopener\">citeste mai mult&gt;&gt;&gt;<\/a><\/p>\n<h3>Ziare.com: Invata de la experti cum trebuie pastrat vinul<\/h3>\n<p>Daca esti un admirator al vinurilor fine si ti-ai amenajat propria vinoteca sau pur si simplu ai un loc al tau, in bar, bucatarie sau in camera de hobby, unde vrei sa pastrezi cele mai bune si mai pretioase sticle, trebuie sa stii cateva lucruri de baza despre depozitarea vinului.<\/p>\n<p>24 mai 2014<\/p>\n<p><a href=\"http:\/\/www.ziare.com\/life-style\/camera\/invata-de-la-experti-cum-trebuie-pastrat-vinul-1300638\" target=\"_blank\" rel=\"noopener\">citeste mai mult&gt;&gt;&gt;<\/a><\/p>\n<h3>Culinar.ro: Anul acesta, International Wine Contest Bucharest a ajuns la a XI-a editie!<\/h3>\n<p>Vinurile medaliate la IWCB sunt rezultatele jurizarii expertilor straini si romani a peste 700 probe degustate. Specialisti din toata lumea dau verdictul: vinurile valoroase poarta pe sticla medaliile Concursului International de Vinuri Bucuresti ~ International Wine Contest Bucharest.<\/p>\n<p>16 mai 2014<\/p>\n<p><a href=\"http:\/\/www.culinar.ro\/articole\/stiri-culinar-ro\/international-wine-contest-a-noua-editie\/200\/3132\/\" target=\"_blank\" rel=\"noopener\">citeste mai mult&gt;&gt;&gt;<\/a><\/p>\n<h3>Rol.ro: Anul acesta, International Wine Contest Bucharest a ajuns la a XI-a editie!<\/h3>\n<p>Vinurile medaliate la IWCB sunt rezultatele jurizarii expertilor straini si romani a peste 700 probe degustate. Specialisti din toata lumea dau verdictul: vinurile valoroase poarta pe sticla medaliile Concursului International de Vinuri Bucuresti ~ International Wine Contest Bucharest.<\/p>\n<p>15 mai 2014<\/p>\n<p><a href=\"http:\/\/stirile.rol.ro\/anul-acesta-international-wine-contest-bucharest-a-ajuns-la-a-xi-a-editie--921693.html\" target=\"_blank\" rel=\"noopener\">citeste mai mult&gt;&gt;&gt;<\/a><\/p>\n<h3>Divahair.ro: International Wine Contest Bucharest a ajuns la a XI-a editie!<\/h3>\n<p>Anul acesta, pe 22-25 mai, Concursul International de Vinuri Bucuresti ajunge la a XI-a editie, fiind unul dintre cele mai influente concursuri din Europa Centrala si de Est. Vinurile medaliate la IWCB sunt rezultatele jurizarii expertilor straini si romani a peste 700 probe degustate. Specialisti din toata lumea dau verdictul: vinurile valoroase poarta pe sticla medaliile Concursului International de Vinuri Bucuresti &#8211; International Wine Contest Bucharest.<\/p>\n<p>15 mai 2014<\/p>\n<p><a href=\"http:\/\/www.divahair.ro\/timp_liber\/international_wine_contest_bucharest_a_ajuns_la_a_xi-a_editie%21_\" target=\"_blank\" rel=\"noopener\">citeste mai mult&gt;&gt;&gt;<\/a><\/p>\n<h3>Manager.ro: Anul acesta, International Wine Contest Bucharest a ajuns la a XI-a editie!<\/h3>\n<p>Anul acesta, pe 22-25 mai, Concursul International de Vinuri Bucuresti ajunge la a XI-a editie, fiind unul dintre cele mai influente concursuri din Europa Centrala si de Est. Vinurile medaliate la IWCB sunt rezultatele jurizarii expertilor straini si romani a peste 700 probe degustate.<\/p>\n<p>15 mai 2014<\/p>\n<p><a href=\"http:\/\/www.manager.ro\/articole\/economie\/anul-acesta-international-wine-contest-bucharest-a-ajuns-la-a-xi-a-editie-69975.html\" target=\"_blank\" rel=\"noopener\">citeste mai mult&gt;&gt;&gt;<\/a><\/p>\n<h3>Business24.ro: Stii sa alegi un vin bun? Invata de la specialisti!<\/h3>\n<p>Pentru a invata sa apreciezi cu adevarat rafinamentul vinului, dar si pentru a-ti surprinde prietenii sau partenerii de afaceri cu alegeri inspirate, trebuie sa inveti cateva lucruri de baza despre aceasta bautura, care te vor ajuta sa te bucuri asa cum trebuie de ea.<\/p>\n<p>10 mai 2014<\/p>\n<p><a href=\"http:\/\/www.business24.ro\/culinar\/vinuri\/stii-sa-alegi-un-vin-bun-invata-de-la-specialisti-1544932\" target=\"_blank\" rel=\"noopener\">citeste mai mult&gt;&gt;&gt;<\/a><\/p>\n<h3>Etransmedia.ro: De vita rom\u00e2neasca (1)<\/h3>\n<p>Despre vii, numai de bine&#8230;C\u00e2t despre vin, cine ar \u00eendrazni sa-l vorbeasca de rau? Aflam de el imediat dupa Geneza, c\u00e2nd patriarhul Noe, scapat de stihiilepotopului, se dedica agriculturii<\/p>\n<p>22 martie 2014<\/p>\n<p><a href=\"http:\/\/www.etransmedia.ro\/de_vita_romaneasca_1-2748\" target=\"_blank\" rel=\"noopener\">citeste mai mult&gt;&gt;&gt;<\/a><\/p>\n<h3>Ziare.com: Vinul potrivit pentru masa de Paste<\/h3>\n<p>Tipul de vin &#8220;asortat&#8221; bucatelor difera, in functie de tipul de carne pe care ai ales sa il prepari pentru masa de Paste.<\/p>\n<p>20 aprilie 2014<\/p>\n<p><a href=\"http:\/\/www.ziare.com\/life-style\/stiri-life-style\/vinul-potrivit-pentru-masa-de-paste-1294667\" target=\"_blank\" rel=\"noopener\">citeste mai mult&gt;&gt;&gt;<\/a><\/p>\n<h3>Business24.ro: Vinul potrivit pentru masa de Paste. Despre toate gusturile, cu Catalin Paduraru<\/h3>\n<p>Tipul de vin &#8220;asortat&#8221; bucatelor difera, in functie de tipul de carne pe care ai ales sa il prepari pentru masa de Paste. Daca alegi clasica friptura de miel, atunci poti alege un vin rosu, dar nu oricare, sustine Catalin Paduraru, critic de vin si CEO al concursului International Wine Contest Bucharest.<\/p>\n<p>19 aprilie 2014<\/p>\n<p><a href=\"http:\/\/www.business24.ro\/lifestyle\/timpul-liber\/vinul-potrivit-pentru-masa-de-paste-despre-toate-gusturile-cu-catalin-paduraru-1544165\" target=\"_blank\" rel=\"noopener\">citeste mai mult&gt;&gt;&gt;<\/a><\/p>\n<h3>Globalwineandspirits.com: 10 AWARD-WINNING WINES SCORE BETTER THAN 96\/100 AT THE LYON INTERNATIONAL COMPETITION!<\/h3>\n<p>The 5th edition of the Lyon International Competition was held on Saturday, 5 April 2014, at the Cit\u00e9 Internationale. It was an opportunity for experts to select and acknowledge the world\u2019s best wines.<\/p>\n<p>18 aprilie 2014<\/p>\n<p><a href=\"http:\/\/marketing.globalwinespirits.com\/InsiderNews\/LatestInsider_en.html\" target=\"_blank\" rel=\"noopener\">citeste mai mult&gt;&gt;&gt;<\/a><\/p>\n<h3>Bulgarianwine.radevtrade.com: International Wine Contest Bucharest \u2013 May 2014<\/h3>\n<p>The International Wine Contest Bucharest is organized upon initiative of the National Office for Vine and Vitivinicultural Products (ONVPV), through Association of Authorized Tasters Romania (ADAR) in partnership with ASER. Wineconsulting.<\/p>\n<p>18 aprilie 2014<\/p>\n<p><a href=\"http:\/\/bulgarianwine.radevtrade.com\/ai1ec_event\/international-wine-contest-bucharest-may-2014\/?instance_id=\" target=\"_blank\" rel=\"noopener\">citeste mai mult&gt;&gt;&gt;<\/a><\/p>\n<h3>Business24.ro: Stii sa alegi cel mai bun vin din Romania ultimilor 30 de ani?<\/h3>\n<p>Tamaioasa Romaneasca din 1988, alaturi de un un Cabernet Sauvignon Samburesti 1986 sau o Busuioaca de Bohotin 1996 se numra printre cele mai bune vinuri din Romania din ultimii 30 de ani. Nu exista, insa, &#8220;cele mai bune soiuri&#8221;, pentru ca tocmai diversitatea face minunata aceasta lume a vinului.<\/p>\n<p>13 aprilie 2014<\/p>\n<p><a href=\"http:\/\/www.business24.ro\/lifestyle\/stil-de-viata\/stii-sa-alegi-cel-mai-bun-vin-din-romania-ultimilor-30-de-ani-1527523\" target=\"_blank\" rel=\"noopener\">citeste mai mult&gt;&gt;&gt;<\/a><\/p>\n<h3>Bonchef.ro: International Wine Contest Bucharest 2014<\/h3>\n<p>Edi?ia a XI-a a Concursului Interna?ional de Vinuri Bucure?ti, desf??urat sub egida Organiza?iei Interna?ionale a Viei si Vinului, va avea loc \u00een perioada 22-25 mai 2014.<\/p>\n<p>18 aprilie 2014<\/p>\n<p><a href=\"http:\/\/bonchef.ro\/calendar\/event\/international-wine-contest-bucharest-2014\/\" target=\"_blank\" rel=\"noopener\">citeste mai mult&gt;&gt;&gt;<\/a><\/p>\n<h3>Ristorazionecatering.it.ro: Vini italiani che guardano all\u2019Est<\/h3>\n<p>Concorsi attraversano l\u2019Europa, aprendo le porte anche a nuovi potenziali mercati per il vino italiano. \u00c8 il caso dell\u201911\u00b0 edizione del Concorso Internazionale Bucarest-Romania 2014 (I.W.C.B.) che si svolge dal 22 al 25 maggio.<\/p>\n<p>4 aprilie 2014<\/p>\n<p><a href=\"http:\/\/www.ristorazionecatering.it\/notizie-beverage\/vini-italiani-che-guardano-allest\/\" target=\"_blank\" rel=\"noopener\">citeste mai mult&gt;&gt;&gt;<\/a><\/p>\n<h3>Beveragetradenetwork.com: International Wine Contest Bucharest<\/h3>\n<p>The International Wine Contest Bucharest 2014 is organized upon initiative of the National Office for Vine and Vitivinicultural Products (ONVPV), through Association of Authorized Tasters Romania (ADAR) in partnership with ASER.<\/p>\n<p>4 aprilie 2014<\/p>\n<p><a href=\"http:\/\/beveragetradenetwork.com\/en\/partner-brands\/The-International-Wine-Contest-Bucharest-2014-54.htm\" target=\"_blank\" rel=\"noopener\">citeste mai mult&gt;&gt;&gt;<\/a><\/p>\n<h3>Business24.ro: Catalin Paduraru, despre vinuri din toate colturile lumii premiate-n Bucuresti<\/h3>\n<p>Catalin Paduraru, critic de vin si CEO al concursului International Wine Contest Bucharest, vorbeste despre concursul care onoreaza Romania de ani de zile. Anual, vinuri din intreaga lume concureaza &#8220;in orb&#8221;, la Bucuresti, pentru medaliile IWCB.<\/p>\n<p>29 martie 2014<\/p>\n<p><a href=\"http:\/\/www.business24.ro\/culinar\/vinuri\/catalin-paduraru-despre-vinuri-din-toate-colturile-lumii-premiate-n-bucuresti-1543347\" target=\"_blank\" rel=\"noopener\">citeste mai mult&gt;&gt;&gt;<\/a><\/p>\n<h3><strong>Oenolog.ro: The Most Important International Wine Contest in Romania<\/strong><\/h3>\n<p>The International Wine Contest Bucharest 2014 is organized upon initiative of the National Office for Vine and Vitivinicultural Products (ONVPV), through Association of Authorized Tasters Romania (ADAR) in partnership with ASER. Wineconsulting. IWCB 2014 will be held by the Ministry of Agriculture and Rural Development of Romania (MARD.), and under the Patronage of the International Organization of Vine and Wine (OIV), being the XI edition over the past years recognized by such an inter-governmental Forum, numbering over 45 wine consuming and producing countries worldwide.<\/p>\n<p>12 martie 2014<\/p>\n<p><a href=\"http:\/\/oenolog.ro\/evenimente\/p-the-most-important-international-wine-contest-in-romania\/\" target=\"_blank\" rel=\"noopener\">citeste mai mult &gt;&gt;&gt;<\/a><\/p>\n<\/div>\n<p>[\/vc_column_text]<\/p>\n","protected":false},"excerpt":{"rendered":"<p>[vc_row][vc_column][vc_column_text] IWCB Campaign [\/vc_column_text][\/vc_column][\/vc_row][vc_row][vc_column][vc_gallery type=&#8221;image_grid&#8221; images=&#8221;1208,1209,1210,1211,1212,1213,1214,1215,1216,1217,1218&#8243; columns=&#8221;3&#8243; ratio=&#8221;16:9&#8243;][vc_empty_space][\/vc_column][\/vc_row][vc_row][\/vc_row][vc_column][\/vc_column][vc_column_text] Cosmintudoran.ro: IWCB 2014 Pentru mine a fost al treilea concurs de vinuri la care am participat, al&hellip;<\/p>\n<p><a href=\"https:\/\/www.iwcb.ro\/en\/press\/press-2014\/\" class=\"read-more-link\"><span class=\"read-more-icon\"><\/span>Read more<\/a><\/p>\n","protected":false},"author":1,"featured_media":0,"parent":2174,"menu_order":0,"comment_status":"closed","ping_status":"closed","template":"","meta":{"footnotes":""},"class_list":["post-2184","page","type-page","status-publish","hentry"],"_links":{"self":[{"href":"https:\/\/www.iwcb.ro\/en\/wp-json\/wp\/v2\/pages\/2184","targetHints":{"allow":["GET"]}}],"collection":[{"href":"https:\/\/www.iwcb.ro\/en\/wp-json\/wp\/v2\/pages"}],"about":[{"href":"https:\/\/www.iwcb.ro\/en\/wp-json\/wp\/v2\/types\/page"}],"author":[{"embeddable":true,"href":"https:\/\/www.iwcb.ro\/en\/wp-json\/wp\/v2\/users\/1"}],"replies":[{"embeddable":true,"href":"https:\/\/www.iwcb.ro\/en\/wp-json\/wp\/v2\/comments?post=2184"}],"version-history":[{"count":1,"href":"https:\/\/www.iwcb.ro\/en\/wp-json\/wp\/v2\/pages\/2184\/revisions"}],"predecessor-version":[{"id":2185,"href":"https:\/\/www.iwcb.ro\/en\/wp-json\/wp\/v2\/pages\/2184\/revisions\/2185"}],"up":[{"embeddable":true,"href":"https:\/\/www.iwcb.ro\/en\/wp-json\/wp\/v2\/pages\/2174"}],"wp:attachment":[{"href":"https:\/\/www.iwcb.ro\/en\/wp-json\/wp\/v2\/media?parent=2184"}],"curies":[{"name":"wp","href":"https:\/\/api.w.org\/{rel}","templated":true}]}}