{"id":2178,"date":"2017-06-13T15:29:42","date_gmt":"2017-06-13T15:29:42","guid":{"rendered":"http:\/\/www.iwcb.ro\/en\/?page_id=2178"},"modified":"2017-06-13T15:29:42","modified_gmt":"2017-06-13T15:29:42","slug":"press-2012","status":"publish","type":"page","link":"https:\/\/www.iwcb.ro\/en\/press\/press-2012\/","title":{"rendered":"Press 2012"},"content":{"rendered":"<p>[vc_row][\/vc_row][vc_row][vc_column][vc_column_text]<\/p>\n<div class=\"Content\">\n<div class=\"Content\">\n<h3><strong><a href=\"http:\/\/oenolog.ro\/timp-liber\/premii-si-concursuri-2\" target=\"_blank\" rel=\"noopener\">OENOLOG.RO\/06.11.2012<\/a> <\/strong><\/h3>\n<p>Despre concursurile de vin s-a scris, se scrie \u015fi se va tot scrie. Pro sau contra. In general, dac\u0103 analiz\u0103m pu\u0163in relevan\u0163a acestor competi\u0163ii \u00een ochii publicului larg, acestea nu pot fi dec\u00e2t repere orientative despre vinurle premiate \u00een astfel de competi\u0163ii sau evenimente de profil.<\/p>\n<p><a href=\"http:\/\/oenolog.ro\/timp-liber\/premii-si-concursuri-2\" target=\"_blank\" rel=\"noopener\">citeste mai mult&gt;&gt;&gt;<\/a><\/p>\n<h3>________________________<\/h3>\n<h3><a href=\"http:\/\/www.goodwine.ro\/presa-newsletter19.html\" target=\"_blank\" rel=\"noopener\">GOODWINE\/iulie 2012\u00a0<\/a><\/h3>\n<p>Cotnari a obtinut 5 medalii de aur la Concursul International de Vinuri Bucuresti 2012 organizat in perioada 7-10 iunie, la Romexpo Bucuresti pentru vinurile: COTNARI COLECTII &#8211; Grasa de Cotnari 1984. O parte din vinurile premium ale Africii de Sud vor fi prezente pentru prima data la cea de a VIII-a editie a Targului International de Vinuri GoodWine, in standul de tara organizat de ambasada acestie tari la Bucuresti, intarind prezenta vinurile de calitate din Lumea Noua reprezentate deja de o serie de crame din Chile prezente de asemenea in standul de tara propriu<\/p>\n<p><a href=\"http:\/\/www.goodwine.ro\/presa-newsletter19.html\" target=\"_blank\" rel=\"noopener\"><br \/>\n<\/a><br \/>\n<a href=\"http:\/\/www.goodwine.ro\/presa-newsletter19.html\" target=\"_blank\" rel=\"noopener\">citeste mai mult&gt;&gt;&gt;<\/a><\/p>\n<p>________________________<\/p>\n<h3><a href=\"http:\/\/ph-online.ro\/afaceri\/item\/16854-vinurile-produse-la-cramele-halewood-ploiesti-medaliate-la-iwcb-2012\" target=\"_blank\" rel=\"noopener\">PH-ONLINE.RO \/25.06.2012<\/a><\/h3>\n<p>La Concursul International de Vinuri Bucuresti (IWCB) 2012 Grupul Halewood Romania a obtinut 11 medalii de aur si argint pentru vinurile sale romanesti, cat si pentru vinurile importate de la cele mai renumite case de vinuri din lume.Concursul, aflat la cea de a IX-a editie, este recunoscut de forul interguvernamental care grupeaza 45 de tari producatoare si consumatoare de vin din lume.<br \/>\n<a href=\"http:\/\/ph-online.ro\/afaceri\/item\/16854-vinurile-produse-la-cramele-halewood-ploiesti-medaliate-la-iwcb-2012\" target=\"_blank\" rel=\"noopener\">citeste mai mult&gt;&gt;&gt;<\/a><\/p>\n<p>________________________<\/p>\n<h3><\/h3>\n<h3><a href=\"http:\/\/www.bucatarescu.ro\/2012\/06\/vinurile-halewood-medaliate-la-iwcb-2012\" target=\"_blank\" rel=\"noopener\">BUCATARESCU.RO\/24.06.2012\u00a0<\/a><\/h3>\n<p>La Concursul Interna\u021bional de Vinuri Bucure\u0219ti (IWCB) 2012 Grupul Halewood Rom\u00e2nia a ob\u0163inut 11 medalii de aur \u015fi argint pentru vinurile sale rom\u00e2ne\u015fti, c\u00e2t \u015fi pentru vinurile importate de la cele mai renumite case de vinuri din lume.<br \/>\n<a href=\"http:\/\/www.bucatarescu.ro\/2012\/06\/vinurile-halewood-medaliate-la-iwcb-2012\" target=\"_blank\" rel=\"noopener\">citeste mai mult&gt;&gt;&gt;<\/a><\/p>\n<p>________________________<\/p>\n<h3><a href=\"http:\/\/www.foodandbar.ro\/online\/3836-o-sansa-pentru-vinurile-romanesti\" target=\"_blank\" rel=\"noopener\">FOODANDBAR.RO\/24.06.2012\u00a0\u00a0<\/a><\/h3>\n<p>Aflat anul acesta la cea de-a IX-a editie, dupa ce a fost reluat in 2011 intr-o noua formula, IWCB si-a propus sa devina unul dintre cele mai puternice concursuri de vin din sud-estul Europei, care sa atraga o participare internationala numeroasa si sa promoveze vinurile romanesti la adevarata lor valoare.<br \/>\n<a href=\"http:\/\/www.foodandbar.ro\/online\/3836-o-sansa-pentru-vinurile-romanesti\" target=\"_blank\" rel=\"noopener\">citeste mai mult&gt;&gt;&gt;<\/a><\/p>\n<p>________________________<\/p>\n<h3><a href=\"http:\/\/www.adar.ro\/index.php?option=com_content&amp;view=article&amp;id=138:repere-iwcb-2012&amp;catid=36:concursuri&amp;Itemid=2\" target=\"_blank\" rel=\"noopener\">ADAR.RO\/21.06.2012<\/a><\/h3>\n<p>S-au decernat premiile pentru Concursul International de Vinuri Bucuresti 2012. Au participat 50 producatori romani si 48 producatori straini care au trimis probele direct sau prin intermediul celor 12 importatori din Romania prezenti in Concurs. Vinuri din 15 tari: Africa de Sud, Argentina, Australia, Austria, Bulgaria, Chile, Italia, Franta, Grecia, Moldova, Noua Zeelanda, Portugalia, Romania, Spania, USA; Au intrat in Concurs 454 probe (456 inscrise, 2 nu au ajuns in timp regulamentar), iar distinctiile s-au acordat pe 4 clase de produse.<br \/>\n<a href=\"http:\/\/www.adar.ro\/index.php?option=com_content&amp;view=article&amp;id=138:repere-iwcb-2012&amp;catid=36:concursuri&amp;Itemid=2\" target=\"_blank\" rel=\"noopener\">citeste mai mult&gt;&gt;&gt;<\/a><\/p>\n<p>________________________<\/p>\n<h3><a href=\"http:\/\/vinul.ro\/recorduri-la-iwc-bucuresti-2012.html\" target=\"_blank\" rel=\"noopener\">VINUL.RO\/21.06.2012<\/a><\/h3>\n<p>A IX-a editie recunoscuta a Concursului International de Vinuri Bucuresti (IWCB 2012) a fost o editie a recordurilor. Pentru ca un record l-a reprezentat numarul probelor inscrise \u00een competitie, 456 (doua nu au ajuns in timp util, deci in concurs au intrat doar 454),<br \/>\n<a href=\"http:\/\/vinul.ro\/recorduri-la-iwc-bucuresti-2012.html\" target=\"_blank\" rel=\"noopener\">citeste mai mult&gt;&gt;&gt;<\/a><\/p>\n<p>________________________<\/p>\n<h3><a href=\"http:\/\/oenolog.ro\/event\/gala-premiilor-iwcb-2012\" target=\"_blank\" rel=\"noopener\">OENOLOG.RO\/20.06.2012<\/a><\/h3>\n<p>\u00cen seara zilei de 19 iunie a.c., \u00eentr-o loca\u0163ie select\u0103 din centrul capitalei, la Centrul de Conferin\u0163e al Casei Oamenilor de \u015etiin\u0163\u0103, a avut loc decernarea premiilor c\u00e2\u015ftig\u0103torilor \u015fi medalia\u0163ilor de la International Wine Contest Bucharest 2012 (concurs desf\u0103\u015furat in perioada 7 \u2013 10 iunie la ROMEXPO Bucure\u015fti).<\/p>\n<p><a href=\"http:\/\/oenolog.ro\/event\/gala-premiilor-iwcb-2012\" target=\"_blank\" rel=\"noopener\">citeste mai mult&gt;&gt;&gt;<\/a><br \/>\n________________________<\/p>\n<h3><a href=\"http:\/\/oenolog.ro\/event\/vinurile-cramei-halewood-premiate-la-iwcb-2012\" target=\"_blank\" rel=\"noopener\">OENOLOG.RO\/20.06.2012<\/a><\/h3>\n<p>Au participat cu o serie de 30 de vinuri. In afara celor mentionate, urmatoarele vinuri au intrunit punctajul de Medalie de argint dar, conform regulamentului O.I.V., au intrat in categoria celor care exceed procentului de 30% vinuri medaliate din totalul probelor din aceasta categorie.<\/p>\n<p><a href=\"http:\/\/oenolog.ro\/event\/vinurile-cramei-halewood-premiate-la-iwcb-2012\" target=\"_blank\" rel=\"noopener\">citeste mai mult&gt;&gt;&gt;<\/a><\/p>\n<p>________________________<\/p>\n<p>&nbsp;<\/p>\n<h3><a href=\"http:\/\/marketing.globalwinespirits.com\/html\/Insider_Xpress_EN_090512_online.html?&amp;utm_source=gws_acq_2012_05_09_in_xpress_en&amp;utm_medium=email&amp;utm_campaign=online_version\" target=\"_blank\" rel=\"noopener\">GLOBAL WINE &amp; SPIRITS<\/a><\/h3>\n<p>International Wine Contest Bucharest 2012 (IWCB 2012) is organized at the initiative of National Office of Wine and Vine Products (O.N.V.P.V), in partnership with of Romanian Wine Tasters Association (A.D.A.R)<\/p>\n<p><a title=\"Global Wine &amp; Spirits\" href=\"http:\/\/marketing.globalwinespirits.com\/html\/Insider_Xpress_EN_090512_online.html?&amp;utm_source=gws_acq_2012_05_09_in_xpress_en&amp;utm_medium=email&amp;utm_campaign=online_version\" target=\"_blank\" rel=\"noopener\">citeste mai mult &gt;&gt;&gt;<\/a><\/p>\n<p>________________________<\/p>\n<h3><a href=\"http:\/\/www.vinhos.online.pt\/dnf.asp?id=4856\" target=\"_blank\" rel=\"noopener\"><strong>VINHOS PORTUGALIA \/ 10 mai 2012<\/strong><\/a><\/h3>\n<p>The IX th Edition of International Wine Contest Bucharest will take place between 07th and 10th of June 2012, at ROMEXPO in Romania.<br \/>\nThe International Wine Contest Bucharest 2012 (ICWB 2012) is organized at the initiative of National Office of Wine and Vine Products (O.N.V.P.V), in partnership with the Romanian Wine Tasters Association (A.D.A.R).<\/p>\n<p><a href=\"http:\/\/www.vinhos.online.pt\/dnf.asp?id=4856\" target=\"_blank\" rel=\"noopener\">citeste mai mult&gt;&gt;&gt;<\/a><\/p>\n<p>________________________<\/p>\n<h3><\/h3>\n<h3><a href=\"http:\/\/www.romexpo.ro\/news\/2012\/06\/international-wine-contest-7-10-iunie-romexpo-bucuresti\/\" target=\"_blank\" rel=\"noopener\"><strong>ROMEXPO NEWS \/ 08 iunie 2012<\/strong><\/a><\/h3>\n<p>Concursul International de Vinuri Bucuresti 2012 (IWCB 2012) este organizat la initiativa Oficiului National al Viei si Produselor Viti-Vinicole (O.N.V.P.V.), in parteneriat cu Asociatiei Degustatorilor Autorizati din Rom\u00e2nia (A.D.A.R.), cu sprijinul S.C. A.S.E.R. Consulting &amp; Management srl, sub patronajul Organizatiei Internationale a Viei si Vinului (O.I.V.), fiind cea de a IX-a editie recunoscuta in ultimii ani de acest for interguvernamental care grupeaza 45 de tari producatoare si consumatoare de vin din lume.<\/p>\n<p><a href=\"http:\/\/www.romexpo.ro\/news\/2012\/06\/international-wine-contest-7-10-iunie-romexpo-bucuresti\/\" target=\"_blank\" rel=\"noopener\">citeste mai mult&gt;&gt;&gt;<\/a><\/p>\n<p>________________________<\/p>\n<h3><a href=\"http:\/\/oenolog.org\/event\/eveniment-international-wine-contest-bucharest-2012\/\" target=\"_blank\" rel=\"noopener\"><strong>OENOLOG.RO \/ 07 iunie 2012<\/strong><\/a><\/h3>\n<p>Ast\u0103zi a debutat, \u00een centrul expozi\u0163ional de la Romexpo, din Bucure\u015fti, cea de a IX-a edi\u0163ie a Concursului Interna\u0163ional de Vinuri Bucure\u015fti 2012 (<a href=\"http:\/\/www.iwcb.ro\/\"><strong>IWCB 2012<\/strong><\/a>), la ini\u0163iativa Oficiului Na\u0163ional al Viei \u015fi Produselor Viti-Vinicole (<a href=\"http:\/\/www.onvpv.ro\/\"><strong>O.N.V.P.V.<\/strong><\/a>), \u00een parteneriat cu Asocia\u0163ia Degust\u0103torilor Autoriza\u0163i din Rom\u00e2nia (<a href=\"http:\/\/www.adar.ro\/\"><strong>A.D.A.R.<\/strong><\/a>), cu sprijinul A.S.E.R. Consulting &amp; Management s.r.l. \u015fi sub patronajul Organiza\u0163iei Interna\u0163ionale a Viei \u015fi Vinului (<a href=\"http:\/\/www.oiv.int\/oiv\/cms\/index\"><strong>O.I.V.<\/strong><\/a>), eveniment ce se va desf\u0103\u015fura \u00een perioada 7\u00a0 \u2013 10 iunie 2012<\/p>\n<p><a href=\"http:\/\/oenolog.org\/event\/eveniment-international-wine-contest-bucharest-2012\/\" target=\"_blank\" rel=\"noopener\">citeste mai mult&gt;&gt;&gt;<\/a><\/p>\n<p>________________________<\/p>\n<h3><a href=\"http:\/\/vinul.ro\/456-de-vinuri-vor-fi-analizate-la-iwcb-2012.html\" target=\"_blank\" rel=\"noopener\"><strong>VINUL.RO \/ 07 iunie 2012<\/strong><\/a><\/h3>\n<p>Joi, 7 iunie, a inceput, la Romexpo, cea de-a IX-a editie a Concursului International de Vinuri Bucuresti, o competitie organizata de Oficiul National al Viei si Produselor Viti-Vinicole (ONVPV), in parteneriat cu ADAR, care se desfasoara sub patronajul Organizatiei Internationale a Viei si Vinului (OIV). Concursul, care se desfasoara pana pe 10 iunie, va analiza 456 de probe,<\/p>\n<p><a href=\"http:\/\/vinul.ro\/456-de-vinuri-vor-fi-analizate-la-iwcb-2012.html\" target=\"_blank\" rel=\"noopener\">citeste mai mult&gt;&gt;&gt;<\/a><\/p>\n<p>________________________<\/p>\n<h3><a href=\"http:\/\/cosmintudoran.ro\/tag\/vin-iwcb\/\" target=\"_blank\" rel=\"noopener\"><strong>COSMIN TUDORAN \/ 06 iunie 2011<\/strong><\/a><\/h3>\n<h2 class=\"entry-title\"><\/h2>\n<p>Cu un sincer interes ocult v\u0103 fac cunoscut urmatorul lucru: de m\u00e2ine \u00eencepe lucr\u0103rile celui de-al 9-lea Concurs International de Vinuri.<\/p>\n<p><a href=\"http:\/\/cosmintudoran.ro\/tag\/vin-iwcb\/\" target=\"_blank\" rel=\"noopener\">citeste mai mult&gt;&gt;&gt;<\/a><\/p>\n<p>________________________<\/p>\n<h3><a href=\"http:\/\/www.portugalglobal.pt\/PT\/PortugalNews\/Paginas\/NewDetail.aspx?newId=%7B901B8165-EDAE-443B-A51D-2C8C2E733D5B%7D\" target=\"_blank\" rel=\"noopener\"><strong>Guvernul Portugaliei-Agentia de Comert Exterior a Portugaliei \/ 05 iunie 2012<\/strong><\/a><\/h3>\n<div class=\"TitleStyle8\">\n<h3><label id=\"ctl00_PlaceHolderMain_uc_NewsDetail_lblTitle\">International Wine Contest in Romania IWCB 2012<\/label><\/h3>\n<\/div>\n<div id=\"ctl00_PlaceHolderMain_uc_NewsDetail_divImg\" class=\"AB_Pic3\"><strong><img decoding=\"async\" class=\"lazyload\" id=\"ctl00_PlaceHolderMain_uc_NewsDetail_imgPublishingRollupImage\" src=\"data:image\/gif;base64,R0lGODlhAQABAAAAACH5BAEKAAEALAAAAAABAAEAAAICTAEAOw==\" data-src=\"http:\/\/www.portugalglobal.pt\/PT\/PortugalNews\/EdicaoAicepPortugalGlobal\/PublishingImages\/bucareste100512.jpg\" alt=\"\" \/><\/strong><\/div>\n<p><span lang=\"RO\">The IX th Edition of International Wine Contest Bucharest will take place between 07th and 10th of June 2012, at ROMEXPO in Romania.<\/span><\/p>\n<p><a href=\"http:\/\/www.portugalglobal.pt\/PT\/PortugalNews\/Paginas\/NewDetail.aspx?newId=%7B901B8165-EDAE-443B-A51D-2C8C2E733D5B%7D\" target=\"_blank\" rel=\"noopener\">citeste mai mult&gt;&gt;&gt;<\/a><\/p>\n<p>________________________<\/p>\n<h3><a href=\"http:\/\/oenolog.org\/event\/international-wine-contest-bucharest-2012-premiere-absolute-si-recorduri-de-participare\/\" target=\"_blank\" rel=\"noopener\"><strong>OENOLOG.RO \/ 05 iunie 2012<\/strong><\/a><\/h3>\n<p>\u00centre 7 \u015fi 10 iunie 2012, Bucure\u015ftiul va deveni o veritabil\u0103 capital\u0103 european\u0103 \u015fi mondial\u0103 a vinurilor. Numero\u015fi produc\u0103tori de renume din \u0163ar\u0103 \u015fi din \u0163\u0103ri cu tradi\u0163ie \u00een domeniu, s-au \u00eenscris la International Wine Contest Bucharest 2012 (<em>click<\/em><strong> <a href=\"http:\/\/www.iwcb.ro\/\">aici<\/a><\/strong>), un concurs ce deja \u015fi-a c\u0103p\u0103tat o notorietate interna\u0163ional\u0103, fiind partener al prestigioasei publicatii\u00a0 <a href=\"http:\/\/marketing.globalwinespirits.com\/html\/Insider_Xpress_EN_090512_online.html?&amp;utm_source=gws_acq_2012_05_09_in_xpress_en&amp;utm_medium=email&amp;utm_campaign=online_version\"><strong>Global Wine &amp; Spirits<\/strong><\/a>.<\/p>\n<p>&nbsp;<\/p>\n<p><a href=\"http:\/\/oenolog.org\/event\/international-wine-contest-bucharest-2012-premiere-absolute-si-recorduri-de-participare\/\" target=\"_blank\" rel=\"noopener\">citeste mai mult&gt;&gt;&gt;<\/a><\/p>\n<p>________________________<\/p>\n<h3><a href=\"http:\/\/www.era2000online.net\/era2000\/2012\/06\/04\/international-wine-contest-2012-bucarest-romania.html\" target=\"_blank\" rel=\"noopener\"><strong>ERA 2000 on line \/ 04 iunie 2012<\/strong><\/a><\/h3>\n<p>La IX\u00b0 Edizione dell\u2019International Wine Contest 2012 (IWCB) si svolger\u00e0 dal 7 al 10 Giugno al Romexpo di Bucarest in Romania. Il Concorso \u00e8 organizzato su iniziativa dell\u2019Organizzazione Nazionale di Produttori della Vigna e del Vino (ONPVV), in collaborazione con l\u2019Associazione di Assaggiatori di Vino Rumeno (ADAR) e con il supporto di SCASER Consulting &amp; Management srl., ed \u00e8 sotto il patrocinio dell\u2019OIV (Organizzazione Internazionale della Vigna e del Vino).<\/p>\n<p><a href=\"http:\/\/www.era2000online.net\/era2000\/2012\/06\/04\/international-wine-contest-2012-bucarest-romania.html\" target=\"_blank\" rel=\"noopener\">citeste mai mult&gt;&gt;&gt;<\/a><\/p>\n<p>_______________________<\/p>\n<h3><a href=\"http:\/\/www.goodfood.ro\/articol\/concurs-international-de-vinuri.html\" target=\"_blank\" rel=\"noopener\"><strong>GOOD FOOD ROMANIA \/ 18 mai 2012<\/strong><\/a><\/h3>\n<p>Concursul Interna\u0163ional de Vinuri Bucure\u015fti\u00a0 (IWCB 2012) se va desf\u0103\u015fura la Romexpo, \u00een Bucure\u015fti, \u00eentre 7 \u0219i 10 iunie are loc. Vinurile care vor fi \u00eenscrise \u00een concurs trebuie s\u0103 fie destinate v\u00e2nz\u0103rii \u0219i s\u0103 provin\u0103 dintr-un lot omogen de 1000 de litri<\/p>\n<p><a href=\"http:\/\/www.goodfood.ro\/articol\/concurs-international-de-vinuri.html\" target=\"_blank\" rel=\"noopener\">citeste mai mult&gt;&gt;&gt;<\/a><\/p>\n<p>________________________<\/p>\n<h3><a href=\"http:\/\/costachel.ro\/mai-putin-de-o-luna-pana-la-startul-concursului-international-de-vinuri-bucuresti\/\" target=\"_blank\" rel=\"noopener\"><strong>COSTACHEL.RO \/ 18 mai 2012<\/strong><\/a><\/h3>\n<p>Concursul Interna\u021bional de Vinuri Bucure\u0219ti 2012 (IWCB 2012) este organizat la ini\u021biativa Oficiului Na\u021bional al Viei \u0219i Produselor Viti-Vinicole (ONVPV), \u00een parteneriat cu Asocia\u021bia Degust\u0103torilor Autoriza\u021bi din Rom\u00e2nia (ADAR), sub patronajul Organiza\u021biei Interna\u021bionale a Viei \u0219i Vinului (OIV),<\/p>\n<p><a href=\"http:\/\/costachel.ro\/mai-putin-de-o-luna-pana-la-startul-concursului-international-de-vinuri-bucuresti\/\">citeste mai mult&gt;&gt;&gt;<br \/>\n<\/a><\/p>\n<p>________________________<\/p>\n<h3><\/h3>\n<h3><a href=\"http:\/\/www.feminis.ro\/divertisment\/vinul-in-competitie-in-acest-an-concursul-international-de-vinuri-bucuresti-2012-23333\" target=\"_blank\" rel=\"noopener\"><strong>FEMINIS.RO \/ 18 mai 2012<\/strong><\/a><\/h3>\n<p>Vinuri fine si adversari indrazneti, afla mai multe despre Concursul International de Vinuri Bucuresti 2012.\u00a0 Reclama inedita &#8211; Ti-ar placea sa fii platita pentru ca porti fusta? Ai crede ca au totul &#8211; Top 10 actrite pe care nu le doreste niciun barbat! Secretele unui look lipsit de imperfectiuni &#8211; La ce tratamente se incumeta vedetele Vedeta din Romania care nu imbatraneste &#8211; Poti crede ca are 60 de ani? Concursul International de Vinuri Bucuresti 2012 (IWCB 2012) este la a IX-a editie recunoscuta in ultimii ani de un for interguvernamental care grupeaza 45 de tari producatoare si consumatoare de vin din lume.<\/p>\n<h3><\/h3>\n<p><a href=\"http:\/\/www.feminis.ro\/divertisment\/vinul-in-competitie-in-acest-an-concursul-international-de-vinuri-bucuresti-2012-23333\" target=\"_blank\" rel=\"noopener\">citeste mai mult&gt;&gt;&gt;<\/a><\/p>\n<p>________________________<\/p>\n<h3><a href=\"http:\/\/www.hrbexpert.ro\/stire\/1396\/Incepe_numaratoarea_inversa_pentru_Concursul_International_de_Vinuri_Bucuresti.html\" target=\"_blank\" rel=\"noopener\"><strong>HRB EXPERT \/ 18 mai 2012<\/strong><\/a><\/h3>\n<p>Intre 7-10 iunie 2012, la Bucuresti, in cadrul Romexpo, va avea loc Concursul International de Vinuri Bucuresti 2012 (IWCB 2012), organizat la initiativa Oficiului National al Viei si Produselor Viti-Vinicole (O.N.V.P.V.), in parteneriat cu Asociatiei Degustatorilor Autorizati din Rom\u00e2nia (A.D.A.R.), sub patronajul Organizatiei Internationale a Viei si Vinului (O.I.V.)<\/p>\n<p>&nbsp;<\/p>\n<p><a href=\"http:\/\/www.hrbexpert.ro\/stire\/1396\/Incepe_numaratoarea_inversa_pentru_Concursul_International_de_Vinuri_Bucuresti.html\" target=\"_blank\" rel=\"noopener\">citeste mai mult&gt;&gt;&gt;<br \/>\n<\/a><\/p>\n<p>________________________<\/p>\n<h3><a href=\"http:\/\/www.hrbexpert.ro\/articol\/1421\/De_ce_este_important_IWCB_2012.html\" target=\"_blank\" rel=\"noopener\"><strong>HRB EXPERT \/ mai 2012<\/strong><\/a><\/h3>\n<p>Poate aduce un concurs, fie el si international, mai mult bine pentru zona horeca? Poate face o competitie ca, pe langa o ierarhizare a vinurilor dintr-un anumit moment, sa creasca plusvaloarea muncii noastre? Raspunsul e unul singur: DA.<\/p>\n<p>&nbsp;<\/p>\n<p><a href=\"http:\/\/www.hrbexpert.ro\/articol\/1421\/De_ce_este_important_IWCB_2012.html\" target=\"_blank\" rel=\"noopener\">citeste mai mult&gt;&gt;&gt;<\/a><\/p>\n<p>&nbsp;<\/p>\n<p>________________________<\/p>\n<h3><a href=\"http:\/\/www.revistafermierului.ro\/paharul-cu--visuri\/paharul-cu--visuri-aprilie-2012-2404.html\" target=\"_blank\" rel=\"noopener\"><strong>REVISTA FERMIERULUI \/aprilie 2012<\/strong><\/a><\/h3>\n<p>Concursul Interna\u0163ional de Vinuri Bucure\u015fti (International Wine Contest Bucharest \u2013 IWCB), organizat sub patronajul OIV (Organiza\u021bia Interna\u021bional\u0103 a Viei \u0219i Vinului) de c\u0103tre\u00a0 ONVPV (Oficiul Na\u0163ional al Viei \u015fi Produselor Viti-Viticole) \u015fi ADAR (Asocia\u0163ia Degust\u0103torilor Autoriza\u0163i din Rom\u00e2nia)\u00a0 este cel mai important concurs de vinuri din Rom\u00e2nia, fiind unul dintre cele aproximativ 20 concursuri interna\u0163ionale recunoscute de OIV.<br \/>\n<a href=\"http:\/\/www.revistafermierului.ro\/paharul-cu--visuri\/paharul-cu--visuri-aprilie-2012-2404.html\" target=\"_blank\" rel=\"noopener\">citeste mai mult&gt;&gt;&gt;<\/a><\/p>\n<p>&nbsp;<\/p>\n<p>________________________<\/p>\n<h3><a href=\"http:\/\/www.hrbexpert.ro\/articol\/1354\/Intre_targuri_festivaluri_si_concursuri.html\" target=\"_blank\" rel=\"noopener\"><strong>HRB EXPERT \/ aprilie 2012<\/strong><\/a><\/h3>\n<p>Acum cativa ani, nu foarte multi, deplangeam lipsa \u201emanifestarilor\u201d de profil, a stachetei, a participarii expozantilor, a traficului de vizitatori. Azi, in primele sase luni ale anului, avem de ales intre Provino, Vinvest\/Vintest, Good Wine, Vinul.ro, evenimente nationale pe care le putem adauga celor consacrate pe plan mondial: Prowein, Vinitaly sau, odata la doi ani, Vinexpo si, sa nu uitam, Concursul International de Vinuri de la Bucuresti.<\/p>\n<p><a href=\"http:\/\/www.hrbexpert.ro\/articol\/1354\/Intre_targuri_festivaluri_si_concursuri.html\" target=\"_blank\" rel=\"noopener\">citeste mai mult&gt;&gt;&gt;<\/a><\/p>\n<\/div>\n<\/div>\n<p>[\/vc_column_text][\/vc_column][\/vc_row]<\/p>\n","protected":false},"excerpt":{"rendered":"<p>[vc_row][\/vc_row][vc_row][vc_column][vc_column_text] OENOLOG.RO\/06.11.2012 Despre concursurile de vin s-a scris, se scrie \u015fi se va tot scrie. Pro sau contra. In general, dac\u0103 analiz\u0103m pu\u0163in relevan\u0163a acestor&hellip;<\/p>\n<p><a href=\"https:\/\/www.iwcb.ro\/en\/press\/press-2012\/\" class=\"read-more-link\"><span class=\"read-more-icon\"><\/span>Read more<\/a><\/p>\n","protected":false},"author":1,"featured_media":0,"parent":2174,"menu_order":0,"comment_status":"closed","ping_status":"closed","template":"","meta":{"footnotes":""},"class_list":["post-2178","page","type-page","status-publish","hentry"],"_links":{"self":[{"href":"https:\/\/www.iwcb.ro\/en\/wp-json\/wp\/v2\/pages\/2178","targetHints":{"allow":["GET"]}}],"collection":[{"href":"https:\/\/www.iwcb.ro\/en\/wp-json\/wp\/v2\/pages"}],"about":[{"href":"https:\/\/www.iwcb.ro\/en\/wp-json\/wp\/v2\/types\/page"}],"author":[{"embeddable":true,"href":"https:\/\/www.iwcb.ro\/en\/wp-json\/wp\/v2\/users\/1"}],"replies":[{"embeddable":true,"href":"https:\/\/www.iwcb.ro\/en\/wp-json\/wp\/v2\/comments?post=2178"}],"version-history":[{"count":1,"href":"https:\/\/www.iwcb.ro\/en\/wp-json\/wp\/v2\/pages\/2178\/revisions"}],"predecessor-version":[{"id":2179,"href":"https:\/\/www.iwcb.ro\/en\/wp-json\/wp\/v2\/pages\/2178\/revisions\/2179"}],"up":[{"embeddable":true,"href":"https:\/\/www.iwcb.ro\/en\/wp-json\/wp\/v2\/pages\/2174"}],"wp:attachment":[{"href":"https:\/\/www.iwcb.ro\/en\/wp-json\/wp\/v2\/media?parent=2178"}],"curies":[{"name":"wp","href":"https:\/\/api.w.org\/{rel}","templated":true}]}}