{"id":2146,"date":"2017-06-13T15:12:51","date_gmt":"2017-06-13T15:12:51","guid":{"rendered":"http:\/\/www.iwcb.ro\/en\/?page_id=2146"},"modified":"2026-02-23T18:25:51","modified_gmt":"2026-02-23T18:25:51","slug":"email-registration","status":"publish","type":"page","link":"https:\/\/www.iwcb.ro\/en\/email-registration\/","title":{"rendered":"Email Registration"},"content":{"rendered":"<p>[vc_row padding_top=&#8221;16&#8243;][vc_column][vc_column_text]<strong><u>E-MAIL REGISTRATION METHOD:<\/u><\/strong><\/p>\n<p><strong>VINARIUM 2025 e-mail registration will be available starting from December 1 st, 2025.<\/strong><\/p>\n<ol>\n<li>Each participant must submit to the organizers (by mail) at <a href=\"mailto:daniela.paduraru@iwcb.ro\">daniela.paduraru@iwcb.ro<\/a> the following completed documents:\n<ul>\n<li><a href=\"https:\/\/www.iwcb.ro\/wp-content\/uploads\/2026\/02\/EN-PARTICIPANT-REGISTRATION-FORM-VINARIUM.docx\" target=\"_blank\" rel=\"noopener noreferrer\"><strong>Participant registration form<\/strong><\/a><\/li>\n<li><a href=\"https:\/\/www.iwcb.ro\/wp-content\/uploads\/2026\/02\/EN-PRODUCT-REGISTRATION-FORM-VINARIUM.docx\" target=\"_blank\" rel=\"noopener noreferrer\"><strong>Product registration form<\/strong><\/a>, each sheet will have attached the front label and back label of the bottle<\/li>\n<li><strong>Analysis Certificate of Product in <\/strong>accordance with <strong><u><a href=\"http:\/\/www.iwcb.ro\/library\/files\/annex_2_oiv.pdf\" target=\"_blank\" rel=\"noopener noreferrer\">ANNEX II<\/a><\/u><\/strong>.<\/li>\n<\/ul>\n<\/li>\n<li>The organizer prepares Invoice that will be sent by email to the participant<em>.<\/em><\/li>\n<li><strong><em>The participant shall provide proof of payment of the registration fee.<\/em><\/strong><\/li>\n<li><strong>Participant registration form, Product registration form<\/strong> and <strong>Analysis Certificate of Product <\/strong>must be enclosed in the same box as the wine sample bottles, together with two labels for each sample (a front label and a back label).<\/li>\n<\/ol>\n<p>On the box containing the documents it will be specified \u00abIt contains documents\u00bb.<br \/>\n<strong><em>Careful! <\/em><\/strong><strong><em>The participant&#8217;s record sheet will be completed once!<\/em><\/strong>[\/vc_column_text][\/vc_column][\/vc_row][vc_row padding_top=&#8221;16&#8243;][vc_column width=&#8221;1\/2&#8243;][om_max_width max_width=&#8221;400px&#8221;][vc_custom_heading text=&#8221;Download (color1)Editable MS Word(\/color1) Forms&#8221; font_container=&#8221;tag:h2|text_align:center&#8221;][\/om_max_width][vc_column_text]<strong>Please click the links below to download the documents in editable WORD format (.docx):<\/strong><\/p>\n<p><a href=\"https:\/\/www.iwcb.ro\/wp-content\/uploads\/2026\/02\/EN-PARTICIPANT-REGISTRATION-FORM-VINARIUM.docx\" target=\"_blank\" rel=\"noopener noreferrer\"><strong>EN &#8211; Participant Registration Form (.docx)<\/strong><\/a><\/p>\n<p><a href=\"https:\/\/www.iwcb.ro\/wp-content\/uploads\/2026\/02\/EN-PRODUCT-REGISTRATION-FORM-VINARIUM.docx\" target=\"_blank\" rel=\"noopener noreferrer\"><strong>EN &#8211; Product Registration Form (.docx)<\/strong><\/a><\/p>\n<p><a href=\"https:\/\/www.iwcb.ro\/wp-content\/uploads\/2026\/02\/FR-FICHE-DU-PARTICIPANT-VINARIUM.docx\" target=\"_blank\" rel=\"noopener noreferrer\"><strong>FR &#8211; Fiche du participant (.docx)<\/strong><\/a><\/p>\n<p><a href=\"https:\/\/www.iwcb.ro\/wp-content\/uploads\/2026\/02\/FR-FICHE-DU-PRODUIT-VINARIUM.docx\" target=\"_blank\" rel=\"noopener noreferrer\"><strong>FR &#8211; Fiche du produit (.docx)<\/strong><\/a><\/p>\n<p><a href=\"https:\/\/www.iwcb.ro\/wp-content\/uploads\/2026\/02\/IT-SCHEDA-PARTECIPANTI-VINARIUM.docx\" target=\"_blank\" rel=\"noopener noreferrer\"><strong>IT &#8211; Scheda Partecipanti (.docx)<\/strong><\/a><\/p>\n<p><a href=\"https:\/\/www.iwcb.ro\/wp-content\/uploads\/2026\/02\/IT-SCHEDA-PRODOTTI-VINARIUM.docx\" target=\"_blank\" rel=\"noopener noreferrer\"><strong>IT &#8211; Scheda Prodotti (.docx)<\/strong><\/a><\/p>\n<p><a href=\"https:\/\/www.iwcb.ro\/wp-content\/uploads\/2026\/02\/SP-EL-REGISTRO-DEL-PARTICIPANYE-VINARIUM.docx\" target=\"_blank\" rel=\"noopener noreferrer\"><strong>ES &#8211; El Registro De Participante (.docx)<\/strong><\/a><\/p>\n<p><a href=\"https:\/\/www.iwcb.ro\/wp-content\/uploads\/2026\/02\/SP-HOJA-DEL-PRODUCTO-VINARIUM.docx\" target=\"_blank\" rel=\"noopener noreferrer\"><strong>ES &#8211; Hoja Del Producto (.docx)<\/strong><\/a><\/p>\n<p><a href=\"https:\/\/www.iwcb.ro\/wp-content\/uploads\/2026\/02\/DE-Teilnehmeranmeldeformular-VINARIUM.docx\" target=\"_blank\" rel=\"noopener noreferrer\"><strong>DE &#8211; Teilnehmeranmeldeformular (.docx)<\/strong><\/a><\/p>\n<p><a href=\"https:\/\/www.iwcb.ro\/wp-content\/uploads\/2026\/02\/DE-Produktanmeldeformular-VINARIUM.docx\" target=\"_blank\" rel=\"noopener noreferrer\"><strong>DE &#8211; Produktanmeldeformular (.docx)<\/strong><\/a><\/p>\n<p><a href=\"https:\/\/www.iwcb.ro\/wp-content\/uploads\/2026\/02\/HU-Reszveteli-urlap-VINARIUM.docx\" target=\"_blank\" rel=\"noopener noreferrer\"><strong>HU &#8211; R\u00e9szv\u00e9teli \u00fcrlap (.docx)<\/strong><\/a><\/p>\n<p><a href=\"https:\/\/www.iwcb.ro\/wp-content\/uploads\/2026\/02\/HU-Termekismerteto-urlap-VINARIUM.docx\" target=\"_blank\" rel=\"noopener noreferrer\"><strong>HU &#8211; Term\u00e9kismertet\u0151 \u00fcrlap (.docx)<\/strong><\/a>[\/vc_column_text][\/vc_column][vc_column width=&#8221;1\/2&#8243;][om_max_width max_width=&#8221;400px&#8221;][vc_custom_heading text=&#8221;Download (color1)PDF(\/color1) Forms&#8221; font_container=&#8221;tag:h2|text_align:center&#8221;][\/om_max_width][vc_column_text]<\/p>\n<table border=\"0\" cellspacing=\"2\" cellpadding=\"2\" align=\"center\">\n<tbody>\n<tr>\n<td><a title=\"Annex I OIV\" href=\"http:\/\/www.iwcb.ro\/library\/files\/annex_i_oiv.pdf\" target=\"_blank\" rel=\"noopener noreferrer\"><img loading=\"lazy\" decoding=\"async\" class=\"lazyload alignnone\" title=\"Annex I OIV\" src=\"data:image\/gif;base64,R0lGODlhAQABAAAAACH5BAEKAAEALAAAAAABAAEAAAICTAEAOw==\" data-src=\"http:\/\/www.iwcb.ro\/library\/images\/annex-1-oiv.png\" alt=\"Annex I OIV\" width=\"130\" height=\"184\" \/><\/a><\/td>\n<td><a title=\"Annex II OIV\" href=\"http:\/\/www.iwcb.ro\/library\/files\/annex_2_oiv.pdf\" target=\"_blank\" rel=\"noopener noreferrer\"><img loading=\"lazy\" decoding=\"async\" class=\"lazyload alignnone\" title=\"Annex II OIV\" src=\"data:image\/gif;base64,R0lGODlhAQABAAAAACH5BAEKAAEALAAAAAABAAEAAAICTAEAOw==\" data-src=\"http:\/\/www.iwcb.ro\/library\/images\/annex-2-oiv.png\" alt=\"Annex II OIV\" width=\"130\" height=\"184\" \/><\/a><\/td>\n<\/tr>\n<\/tbody>\n<\/table>\n<p>[\/vc_column_text][\/vc_column][\/vc_row]<\/p>\n","protected":false},"excerpt":{"rendered":"<p>[vc_row padding_top=&#8221;16&#8243;][vc_column][vc_column_text]E-MAIL REGISTRATION METHOD: VINARIUM 2025 e-mail registration will be available starting from December 1 st, 2025. Each participant must submit to the organizers (by&hellip;<\/p>\n<p><a href=\"https:\/\/www.iwcb.ro\/en\/email-registration\/\" class=\"read-more-link\"><span class=\"read-more-icon\"><\/span>Read more<\/a><\/p>\n","protected":false},"author":1,"featured_media":0,"parent":0,"menu_order":0,"comment_status":"closed","ping_status":"closed","template":"","meta":{"footnotes":""},"class_list":["post-2146","page","type-page","status-publish","hentry"],"_links":{"self":[{"href":"https:\/\/www.iwcb.ro\/en\/wp-json\/wp\/v2\/pages\/2146","targetHints":{"allow":["GET"]}}],"collection":[{"href":"https:\/\/www.iwcb.ro\/en\/wp-json\/wp\/v2\/pages"}],"about":[{"href":"https:\/\/www.iwcb.ro\/en\/wp-json\/wp\/v2\/types\/page"}],"author":[{"embeddable":true,"href":"https:\/\/www.iwcb.ro\/en\/wp-json\/wp\/v2\/users\/1"}],"replies":[{"embeddable":true,"href":"https:\/\/www.iwcb.ro\/en\/wp-json\/wp\/v2\/comments?post=2146"}],"version-history":[{"count":51,"href":"https:\/\/www.iwcb.ro\/en\/wp-json\/wp\/v2\/pages\/2146\/revisions"}],"predecessor-version":[{"id":10793,"href":"https:\/\/www.iwcb.ro\/en\/wp-json\/wp\/v2\/pages\/2146\/revisions\/10793"}],"wp:attachment":[{"href":"https:\/\/www.iwcb.ro\/en\/wp-json\/wp\/v2\/media?parent=2146"}],"curies":[{"name":"wp","href":"https:\/\/api.w.org\/{rel}","templated":true}]}}