{"id":2080,"date":"2017-06-12T21:55:05","date_gmt":"2017-06-12T21:55:05","guid":{"rendered":"http:\/\/www.iwcb.ro\/en\/?page_id=2080"},"modified":"2026-03-09T18:16:34","modified_gmt":"2026-03-09T18:16:34","slug":"contacts","status":"publish","type":"page","link":"https:\/\/www.iwcb.ro\/en\/contacts\/","title":{"rendered":"Contact"},"content":{"rendered":"<p>[vc_row][vc_column][vc_empty_space height=&#8221;30px&#8221;][vc_row_inner][vc_column_inner width=&#8221;1\/2&#8243;][vc_empty_space height=&#8221;1px&#8221;][om_reduce_space height=&#8221;1.5em&#8221;][vc_empty_space height=&#8221;1px&#8221;][vc_custom_heading text=&#8221;C\u0103t\u0103lin P\u0102DURARU&#8221; text_additional=&#8221;President of VINARIUM&#8221; font_container=&#8221;tag:h4|text_align:left&#8221;][vc_column_text]<a href=\"mailto:ceo@iwcb.ro\">ceo@iwcb.ro<\/a>\u00a0| +40744 50 70 70[\/vc_column_text][om_reduce_space height=&#8221;1.5em&#8221;][vc_custom_heading text=&#8221;Daniela P\u0102DURARU&#8221; text_additional=&#8221;Executive Director&#8221; font_container=&#8221;tag:h4|text_align:left&#8221;][om_reduce_space height=&#8221;1.5em&#8221;][vc_column_text]<a href=\"mailto:daniela.paduraru@iwcb.ro\">daniela.paduraru@iwcb.ro<\/a>\u00a0| +40744 50 70 60[\/vc_column_text][vc_empty_space height=&#8221;1px&#8221;][om_reduce_space height=&#8221;1.5em&#8221;][vc_empty_space height=&#8221;1px&#8221;][vc_empty_space height=&#8221;1px&#8221;][vc_empty_space height=&#8221;1px&#8221;][vc_empty_space height=&#8221;1px&#8221;][vc_empty_space height=&#8221;1px&#8221;][vc_empty_space height=&#8221;1px&#8221;][vc_custom_heading text=&#8221;Arina ANTOCE&#8221; text_additional=&#8221;Scientific Director and VINOFED Relationship&#8221; font_container=&#8221;tag:h4|text_align:left&#8221;][vc_column_text]<a href=\"aantoce@yahoo.com\">aantoce@yahoo.com<\/a> | +40745 87 53 61[\/vc_column_text][om_reduce_space height=&#8221;1.5em&#8221;][vc_empty_space height=&#8221;1px&#8221;][vc_empty_space height=&#8221;1px&#8221;][vc_custom_heading text=&#8221;Carmen ONOFREI&#8221; text_additional=&#8221;Registrations&#8221; font_container=&#8221;tag:h4|text_align:left&#8221;][vc_column_text]<a href=\"mailto:carmen.onofrei@iwcb.ro\">carmen.onofrei@iwcb.ro<\/a>\u00a0| +40727 87 59 28[\/vc_column_text][vc_custom_heading text=&#8221;Lucian MARCU&#8221; text_additional=&#8221;International Affairs Manager&#8221; font_container=&#8221;tag:h4|text_align:left&#8221;][vc_column_text]<a href=\"mailto:lucian.marcu@iwcb.ro\" target=\"_blank\" rel=\"noopener\">lucian.marcu@iwcb.ro<\/a> | +40760 67 73 74[\/vc_column_text][om_reduce_space height=&#8221;1.5em&#8221;][vc_empty_space height=&#8221;1px&#8221;][vc_custom_heading text=&#8221;Octavian FIRU&#8221; text_additional=&#8221;Technical Team&#8221; font_container=&#8221;tag:h4|text_align:left&#8221;][vc_column_text]<a href=\"octavianfiru@gmail.com\">octavianfiru@gmail.com<\/a> | +40725 97 07 97[\/vc_column_text][om_reduce_space height=&#8221;1.5em&#8221;][vc_custom_heading text=&#8221;Bogdan MIRON&#8221; text_additional=&#8221;Chief Operating Officer&#8221; font_container=&#8221;tag:h4|text_align:left&#8221;][vc_column_text]<a href=\"ruxandra.paduraru@iwcb.ro\">bogdan.miron@iwcb.ro<\/a> | +40735 66 60 40[\/vc_column_text][vc_custom_heading text=&#8221;Ruxandra P\u0102DURARU&#8221; text_additional=&#8221;Research Project Manager&#8221; font_container=&#8221;tag:h4|text_align:left&#8221;][vc_column_text]<a href=\"ruxandra.paduraru@iwcb.ro\">ruxandra.paduraru@iwcb.ro<\/a> | +40746 27 73 82[\/vc_column_text][om_reduce_space height=&#8221;1.5em&#8221;][vc_empty_space height=&#8221;1px&#8221;][om_reduce_space height=&#8221;1.5em&#8221;][vc_empty_space height=&#8221;1px&#8221;][\/vc_column_inner][vc_column_inner width=&#8221;1\/2&#8243;][vc_column_text]<\/p>\n<p align=\"JUSTIFY\"><strong>Name :<\/strong> A.S.E.R. CONSULTING &amp; MANAGEMENT S.R.L.<\/p>\n<p><strong>Adress :<\/strong> 12 A, Lacului Street, 077055, Ciorogarla, Ilfov County, Romania<\/p>\n<p><strong>Trade Register Office :<\/strong> J2007002633232<\/p>\n<p><strong>V.A.T. Number :<\/strong>\u00a0RO 22523485<\/p>\n<p><strong>Bank :<\/strong> Transilvania, Lipscani Branch<\/p>\n<p><strong>RON Account :<\/strong>\u00a0RO13BTRL04101202C79399XX<\/p>\n<p><strong>EURO Account :<\/strong>\u00a0RO85BTRL04104202C79399XX<\/p>\n<p><strong>Cod Swift :<\/strong>\u00a0BTRL RO22XXX[\/vc_column_text][\/vc_column_inner][\/vc_row_inner][vc_empty_space height=&#8221;30px&#8221;][vc_gmaps link=&#8221;#E-8_JTNDaWZyYW1lJTIwc3JjJTNEJTIyaHR0cHMlM0ElMkYlMkZ3d3cuZ29vZ2xlLmNvbSUyRm1hcHMlMkZlbWJlZCUzRnBiJTNEJTIxMW0xOCUyMTFtMTIlMjExbTMlMjExZDkxMTYwLjU2NjcyNTI4NTk2JTIxMmQyNi4wMjQ1OTgwMjgxNDM5NyUyMTNkNDQuNDM3OTI2OTIwNDcxMzMlMjEybTMlMjExZjAlMjEyZjAlMjEzZjAlMjEzbTIlMjExaTEwMjQlMjEyaTc2OCUyMTRmMTMuMSUyMTNtMyUyMTFtMiUyMTFzMHg0MGIxZjkzYWJmM2NhZDRmJTI1M0EweGFjMDYzMmUzN2M5Y2E2MjglMjEyc0J1Y3VyZSUyNUM4JTI1OTl0aSUyMTVlMCUyMTNtMiUyMTFzcm8lMjEyc3JvJTIxNHYxNjE1MzExOTgzNTI1JTIxNW0yJTIxMXNybyUyMTJzcm8lMjIlMjB3aWR0aCUzRCUyMjYwMCUyMiUyMGhlaWdodCUzRCUyMjQ1MCUyMiUyMHN0eWxlJTNEJTIyYm9yZGVyJTNBMCUzQiUyMiUyMGFsbG93ZnVsbHNjcmVlbiUzRCUyMiUyMiUyMGxvYWRpbmclM0QlMjJsYXp5JTIyJTNFJTNDJTJGaWZyYW1lJTNFJTIw&#8221; size=&#8221;400&#8243; remove_margins=&#8221;yes&#8221;][om_reduce_space height=&#8221;3em&#8221;][\/vc_column][\/vc_row]<\/p>\n","protected":false},"excerpt":{"rendered":"<p>[vc_row][vc_column][vc_empty_space height=&#8221;30px&#8221;][vc_row_inner][vc_column_inner width=&#8221;1\/2&#8243;][vc_empty_space height=&#8221;1px&#8221;][om_reduce_space height=&#8221;1.5em&#8221;][vc_empty_space height=&#8221;1px&#8221;][vc_custom_heading text=&#8221;C\u0103t\u0103lin P\u0102DURARU&#8221; text_additional=&#8221;President of VINARIUM&#8221; font_container=&#8221;tag:h4|text_align:left&#8221;][vc_column_text]ceo@iwcb.ro\u00a0| +40744 50 70 70[\/vc_column_text][om_reduce_space height=&#8221;1.5em&#8221;][vc_custom_heading text=&#8221;Daniela P\u0102DURARU&#8221; text_additional=&#8221;Executive Director&#8221; font_container=&#8221;tag:h4|text_align:left&#8221;][om_reduce_space height=&#8221;1.5em&#8221;][vc_column_text]daniela.paduraru@iwcb.ro\u00a0| +40744 50&hellip;<\/p>\n<p><a href=\"https:\/\/www.iwcb.ro\/en\/contacts\/\" class=\"read-more-link\"><span class=\"read-more-icon\"><\/span>Read more<\/a><\/p>\n","protected":false},"author":1,"featured_media":0,"parent":0,"menu_order":0,"comment_status":"closed","ping_status":"closed","template":"","meta":{"footnotes":""},"class_list":["post-2080","page","type-page","status-publish","hentry"],"_links":{"self":[{"href":"https:\/\/www.iwcb.ro\/en\/wp-json\/wp\/v2\/pages\/2080","targetHints":{"allow":["GET"]}}],"collection":[{"href":"https:\/\/www.iwcb.ro\/en\/wp-json\/wp\/v2\/pages"}],"about":[{"href":"https:\/\/www.iwcb.ro\/en\/wp-json\/wp\/v2\/types\/page"}],"author":[{"embeddable":true,"href":"https:\/\/www.iwcb.ro\/en\/wp-json\/wp\/v2\/users\/1"}],"replies":[{"embeddable":true,"href":"https:\/\/www.iwcb.ro\/en\/wp-json\/wp\/v2\/comments?post=2080"}],"version-history":[{"count":34,"href":"https:\/\/www.iwcb.ro\/en\/wp-json\/wp\/v2\/pages\/2080\/revisions"}],"predecessor-version":[{"id":10854,"href":"https:\/\/www.iwcb.ro\/en\/wp-json\/wp\/v2\/pages\/2080\/revisions\/10854"}],"wp:attachment":[{"href":"https:\/\/www.iwcb.ro\/en\/wp-json\/wp\/v2\/media?parent=2080"}],"curies":[{"name":"wp","href":"https:\/\/api.w.org\/{rel}","templated":true}]}}