{"id":10678,"date":"2026-02-11T19:08:24","date_gmt":"2026-02-11T19:08:24","guid":{"rendered":"https:\/\/www.iwcb.ro\/en\/?page_id=10678"},"modified":"2026-02-11T19:09:04","modified_gmt":"2026-02-11T19:09:04","slug":"press-2025","status":"publish","type":"page","link":"https:\/\/www.iwcb.ro\/en\/press-2025\/","title":{"rendered":"Press 2025"},"content":{"rendered":"\n<p><strong>02.07.2025<\/strong><br>Winesday.ro &amp; Winesday App: Experien\u021ba mea \u00een Juriu \u0219i \u00een Comisia Tehnic\u0103 la VINARIUM International Wine Contest<br>cite\u0219te mai mult &gt;&gt;&gt; <a href=\"https:\/\/www.winesday.ro\/experienta-mea-in-juriu-si-comisia-tehnica-la-vinarium-international-wine-contest\/\">https:\/\/www.winesday.ro\/experienta-mea-in-juriu-si-comisia-tehnica-la-vinarium-international-wine-contest\/<\/a><\/p>\n\n\n\n<hr class=\"wp-block-separator has-alpha-channel-opacity\"\/>\n\n\n\n<p><strong>14.06.2025<\/strong><br>AnneWies.nl: Results \u2013 Label Competition VINARIUM International Wine Contest<br>cite\u0219te mai mult &gt;&gt;&gt; <a href=\"https:\/\/www.anne-wies.nl\/results-label-competition-vinarium-international-wine-contest\/\">https:\/\/www.anne-wies.nl\/results-label-competition-vinarium-international-wine-contest\/<\/a><\/p>\n\n\n\n<hr class=\"wp-block-separator has-alpha-channel-opacity\"\/>\n\n\n\n<p><strong>09.06.2025<\/strong><br>Vinul.ro: Scurt raport asupra edi\u021biei XXII a VINARIUM, 2025<br>cite\u0219te mai mult &gt;&gt;&gt; <a href=\"https:\/\/vinul.ro\/scurt-raport-asupra-editiei-22-a-vinarium-in-2025.html\">https:\/\/vinul.ro\/scurt-raport-asupra-editiei-22-a-vinarium-in-2025.html<\/a><\/p>\n\n\n\n<hr class=\"wp-block-separator has-alpha-channel-opacity\"\/>\n\n\n\n<p><strong>04.06.2025<\/strong><br>Winesday.ro &amp; Winesday App: Rezultate VINARIUM International Wine Contest 2025<br>cite\u0219te mai mult &gt;&gt;&gt; <a href=\"https:\/\/winesdayapp.ro\/ro\/places\/rezultate-vinarium-international-wine-contest-2025\">https:\/\/winesdayapp.ro\/ro\/places\/rezultate-vinarium-international-wine-contest-2025<\/a><\/p>\n\n\n\n<hr class=\"wp-block-separator has-alpha-channel-opacity\"\/>\n\n\n\n<p><strong>04.06.2025<\/strong><br>AnneWies.nl: Vinarium International Wine Contest 2025 \u2013 the results<br>cite\u0219te mai mult &gt;&gt;&gt; <a href=\"https:\/\/www.anne-wies.nl\/vinarium-international-wine-contest-2025-the-results\/\">https:\/\/www.anne-wies.nl\/vinarium-international-wine-contest-2025-the-results\/<\/a><\/p>\n\n\n\n<hr class=\"wp-block-separator has-alpha-channel-opacity\"\/>\n\n\n\n<p><strong>22.05.2025<\/strong><br>Davide Bortone \u2013 Winemag: La Famiglia del Vino \u2013 concorso enologico VINARIUM in Romania<br>cite\u0219te mai mult &gt;&gt;&gt; <a href=\"https:\/\/www.winemag.it\/vinarium-wine-contest-la-famiglia-del-vino-romania-concorso-enologico-paduraru\/\">https:\/\/www.winemag.it\/vinarium-wine-contest-la-famiglia-del-vino-romania-concorso-enologico-paduraru\/<\/a><\/p>\n\n\n\n<hr class=\"wp-block-separator has-alpha-channel-opacity\"\/>\n\n\n\n<p><strong>18.05.2025<\/strong><br>Winesday.ro &amp; Winesday App: VINARIUM International Wine Contest 2025 \u2013 edi\u021bia XXII<br>cite\u0219te mai mult &gt;&gt;&gt; <a href=\"https:\/\/www.winesday.ro\/vinarium-international-wine-contest-2025-editia-xxii\/\">https:\/\/www.winesday.ro\/vinarium-international-wine-contest-2025-editia-xxii\/<\/a><\/p>\n\n\n\n<hr class=\"wp-block-separator has-alpha-channel-opacity\"\/>\n\n\n\n<p><strong>09.05.2025<\/strong><br>Wines of Romania: VINARIUM International Wine Contest ajunge la edi\u021bia XXII<br>cite\u0219te mai mult &gt;&gt;&gt; <a href=\"https:\/\/winesofromania.com\/vinarium-international-editia-22\/\">https:\/\/winesofromania.com\/vinarium-international-editia-22\/<\/a><\/p>\n\n\n\n<hr class=\"wp-block-separator has-alpha-channel-opacity\"\/>\n\n\n\n<p><strong>08.05.2025<\/strong><br>Revista Fermierului: VINARIUM International Wine Contest, 22\u201325 mai 2025, la Ploie\u0219ti<br>cite\u0219te mai mult &gt;&gt;&gt; <a href=\"https:\/\/www.revistafermierului.ro\/din-revista\/eveniment\/item\/6560-vinarium-international-wine-contest-22-25-mai-2025-la-ploiesti.html\">https:\/\/www.revistafermierului.ro\/din-revista\/eveniment\/item\/6560-vinarium-international-wine-contest-22-25-mai-2025-la-ploiesti.html<\/a><\/p>\n\n\n\n<hr class=\"wp-block-separator has-alpha-channel-opacity\"\/>\n\n\n\n<p><strong>06.05.2025<\/strong><br>Ziarul de Ia\u0219i: Ce poate face noul Guvern pentru a cre\u0219te economia? Propunere \u00eendr\u0103znea\u021b\u0103 a lui C\u0103t\u0103lin P\u0103duraru<br>cite\u0219te mai mult &gt;&gt;&gt; <a href=\"https:\/\/www.ziaruldeiasi.ro\/stiri\/ce-poate-face-noul-guvern-pentru-a-creste-economia-propunere-indrazneata-dupa-alegeri-a-ieseanului-catalin-paduraru-un-nume-greu-in-industria-vinului%E2%80%931751675.html\">https:\/\/www.ziaruldeiasi.ro\/stiri\/ce-poate-face-noul-guvern-pentru-a-creste-economia-propunere-indrazneata-dupa-alegeri-a-ieseanului-catalin-paduraru-un-nume-greu-in-industria-vinului\u20131751675.html<\/a><\/p>\n\n\n\n<hr class=\"wp-block-separator has-alpha-channel-opacity\"\/>\n\n\n\n<p><strong>22.04.2025<\/strong><br>Winesday.ro &amp; Winesday App: Despre VINARIUM International Wine Contest \u2013 edi\u021bia XXII<br>cite\u0219te mai mult &gt;&gt;&gt; <a href=\"https:\/\/winesdayapp.ro\/ro\/places\/despre-vinarium-international-wine-contest-editia-xxii\">https:\/\/winesdayapp.ro\/ro\/places\/despre-vinarium-international-wine-contest-editia-xxii<\/a><\/p>\n\n\n\n<hr class=\"wp-block-separator has-alpha-channel-opacity\"\/>\n\n\n\n<p><strong>08.03.2025<\/strong><br>Vinul.ro: Ce aduce nou VINARIUM 2025? CEO C\u0103t\u0103lin P\u0103duraru mizeaz\u0103 pe comunicare \u0219i \u00eentinerire<br>cite\u0219te mai mult &gt;&gt;&gt; <a href=\"https:\/\/vinul.ro\/ce-aduce-nou-vinarium-2025-ceo-catalin-paduraru-mizeaza-pe-comunicare-si-intinerire-si-atentioneaza-concursul-de-vinuri-e-doar-o-parte-din-vinarium.html\">https:\/\/vinul.ro\/ce-aduce-nou-vinarium-2025-ceo-catalin-paduraru-mizeaza-pe-comunicare-si-intinerire-si-atentioneaza-concursul-de-vinuri-e-doar-o-parte-din-vinarium.html<\/a><\/p>\n\n\n\n<hr class=\"wp-block-separator has-alpha-channel-opacity\"\/>\n","protected":false},"excerpt":{"rendered":"<p>02.07.2025Winesday.ro &amp; Winesday App: Experien\u021ba mea \u00een Juriu \u0219i \u00een Comisia Tehnic\u0103 la VINARIUM International Wine Contestcite\u0219te mai mult &gt;&gt;&gt; https:\/\/www.winesday.ro\/experienta-mea-in-juriu-si-comisia-tehnica-la-vinarium-international-wine-contest\/ 14.06.2025AnneWies.nl: Results \u2013 Label&hellip;<\/p>\n<p><a href=\"https:\/\/www.iwcb.ro\/en\/press-2025\/\" class=\"read-more-link\"><span class=\"read-more-icon\"><\/span>Read more<\/a><\/p>\n","protected":false},"author":7,"featured_media":0,"parent":0,"menu_order":0,"comment_status":"closed","ping_status":"closed","template":"","meta":{"footnotes":""},"class_list":["post-10678","page","type-page","status-publish","hentry"],"_links":{"self":[{"href":"https:\/\/www.iwcb.ro\/en\/wp-json\/wp\/v2\/pages\/10678","targetHints":{"allow":["GET"]}}],"collection":[{"href":"https:\/\/www.iwcb.ro\/en\/wp-json\/wp\/v2\/pages"}],"about":[{"href":"https:\/\/www.iwcb.ro\/en\/wp-json\/wp\/v2\/types\/page"}],"author":[{"embeddable":true,"href":"https:\/\/www.iwcb.ro\/en\/wp-json\/wp\/v2\/users\/7"}],"replies":[{"embeddable":true,"href":"https:\/\/www.iwcb.ro\/en\/wp-json\/wp\/v2\/comments?post=10678"}],"version-history":[{"count":2,"href":"https:\/\/www.iwcb.ro\/en\/wp-json\/wp\/v2\/pages\/10678\/revisions"}],"predecessor-version":[{"id":10680,"href":"https:\/\/www.iwcb.ro\/en\/wp-json\/wp\/v2\/pages\/10678\/revisions\/10680"}],"wp:attachment":[{"href":"https:\/\/www.iwcb.ro\/en\/wp-json\/wp\/v2\/media?parent=10678"}],"curies":[{"name":"wp","href":"https:\/\/api.w.org\/{rel}","templated":true}]}}